{"id":2866,"date":"2025-11-18T17:44:50","date_gmt":"2025-11-18T17:44:50","guid":{"rendered":"https:\/\/codec-ouaga.com\/?page_id=2866"},"modified":"2025-12-10T14:20:33","modified_gmt":"2025-12-10T14:20:33","slug":"formation-et-appuis-techniques-conseils","status":"publish","type":"page","link":"https:\/\/codec-ouaga.com\/index.php\/services-non-financiers\/formation-et-appuis-techniques-conseils\/","title":{"rendered":"Formation et appuis techniques conseils"},"content":{"rendered":"\n<p style=\"font-size:18px\"><strong>\u00ab\u00a0Renforcer les Capacit\u00e9s de nos Membres : Formations et Appuis Conseils \u00e0 la CODEC-Ouaga\u00a0\u00bb<\/strong><\/p>\n\n\n\n<ul class=\"wp-block-list\">\n<li style=\"font-size:18px\"><strong>Formations financi\u00e8res et bancaires :<\/strong><\/li>\n<\/ul>\n\n\n\n<p style=\"font-size:18px\">\u00c9ducation financi\u00e8re de base;<\/p>\n\n\n\n<p style=\"font-size:18px\">\u00c9ducation Sociale;<\/p>\n\n\n\n<p style=\"font-size:18px\">Gestion budg\u00e9taire personnelle et familiale;<\/p>\n\n\n\n<p style=\"font-size:18px\">Planification de l\u2019\u00e9pargne et gestion des objectifs financiers.<\/p>\n\n\n\n<ul class=\"wp-block-list\">\n<li style=\"font-size:18px\"><strong>Appuis pour la cr\u00e9ation et la gestion d\u2019entreprise :<\/strong><\/li>\n<\/ul>\n\n\n\n<p style=\"font-size:18px\">\u00c9laboration d\u2019un plan d\u2019affaires;<\/p>\n\n\n\n<p style=\"font-size:18px\">Gestion des petites et moyennes entreprises;<\/p>\n\n\n\n<p style=\"font-size:18px\">Techniques de marketing et de fid\u00e9lisation de la client\u00e8le;<\/p>\n\n\n\n<p style=\"font-size:18px\">Gestion des AGR.<\/p>\n\n\n\n<ul class=\"wp-block-list\">\n<li style=\"font-size:18px\"><strong>Renforcement des capacit\u00e9s entrepreneuriales :<\/strong><\/li>\n<\/ul>\n\n\n\n<p style=\"font-size:18px\">Techniques de n\u00e9gociation et de gestion des contrats;<\/p>\n\n\n\n<p style=\"font-size:18px\">Gestion des stocks et des approvisionnements;<\/p>\n\n\n\n<p style=\"font-size:18px\">Digitalisation et gestion num\u00e9rique des activit\u00e9s commerciales.<\/p>\n\n\n\n<ul class=\"wp-block-list\">\n<li style=\"font-size:18px\"><strong>Th\u00e8mes de formation :<\/strong><\/li>\n<\/ul>\n\n\n\n<p style=\"font-size:18px\">\u00ab\u00a0Comment devenir financi\u00e8rement autonome gr\u00e2ce \u00e0 l\u2019\u00e9pargne et au cr\u00e9dit ?\u00a0\u00bb<\/p>\n\n\n\n<p style=\"font-size:18px\">\u00ab\u00a0Les secrets pour une gestion efficace des petites entreprises.\u00a0\u00bb<\/p>\n\n\n\n<p style=\"font-size:18px\">\u00ab\u00a0D\u00e9velopper votre activit\u00e9 gr\u00e2ce \u00e0 la digitalisation.\u00a0\u00bb<\/p>\n\n\n\n<p style=\"font-size:18px\">\u00ab\u00a0Gestion du risque financier et assurance d\u2019un avenir stable.\u00a0\u00bb<\/p>\n\n\n\n<p style=\"font-size:18px\">\u00ab\u00a0Techniques de diversification des sources de revenus.\u00a0\u00bb<\/p>\n\n\n\n<p style=\"font-size:18px\">\u00ab\u00a0D\u00e9veloppement personnel.\u00a0\u00bb<\/p>\n\n\n\n<p style=\"font-size:18px\">\u00ab\u00a0Inclusion financi\u00e8re.\u00a0\u00bb<\/p>\n\n\n\n<p><\/p>\n","protected":false},"excerpt":{"rendered":"<p>\u00ab\u00a0Renforcer les Capacit\u00e9s de nos Membres : Formations et Appuis Conseils \u00e0 la CODEC-Ouaga\u00a0\u00bb \u00c9ducation financi\u00e8re de base; \u00c9ducation Sociale; Gestion budg\u00e9taire personnelle et familiale; Planification de l\u2019\u00e9pargne et gestion des objectifs financiers. \u00c9laboration d\u2019un plan d\u2019affaires; Gestion des petites et moyennes entreprises; Techniques de marketing et de fid\u00e9lisation de la client\u00e8le; Gestion des AGR. [&hellip;]<\/p>\n","protected":false},"author":1,"featured_media":0,"parent":2615,"menu_order":0,"comment_status":"closed","ping_status":"closed","template":"","meta":{"footnotes":""},"class_list":["post-2866","page","type-page","status-publish","hentry"],"_links":{"self":[{"href":"https:\/\/codec-ouaga.com\/index.php\/wp-json\/wp\/v2\/pages\/2866","targetHints":{"allow":["GET"]}}],"collection":[{"href":"https:\/\/codec-ouaga.com\/index.php\/wp-json\/wp\/v2\/pages"}],"about":[{"href":"https:\/\/codec-ouaga.com\/index.php\/wp-json\/wp\/v2\/types\/page"}],"author":[{"embeddable":true,"href":"https:\/\/codec-ouaga.com\/index.php\/wp-json\/wp\/v2\/users\/1"}],"replies":[{"embeddable":true,"href":"https:\/\/codec-ouaga.com\/index.php\/wp-json\/wp\/v2\/comments?post=2866"}],"version-history":[{"count":0,"href":"https:\/\/codec-ouaga.com\/index.php\/wp-json\/wp\/v2\/pages\/2866\/revisions"}],"up":[{"embeddable":true,"href":"https:\/\/codec-ouaga.com\/index.php\/wp-json\/wp\/v2\/pages\/2615"}],"wp:attachment":[{"href":"https:\/\/codec-ouaga.com\/index.php\/wp-json\/wp\/v2\/media?parent=2866"}],"curies":[{"name":"wp","href":"https:\/\/api.w.org\/{rel}","templated":true}]}}