{"id":2863,"date":"2025-11-18T17:38:37","date_gmt":"2025-11-18T17:38:37","guid":{"rendered":"https:\/\/codec-ouaga.com\/?page_id=2863"},"modified":"2025-11-24T14:43:37","modified_gmt":"2025-11-24T14:43:37","slug":"sms-banking","status":"publish","type":"page","link":"https:\/\/codec-ouaga.com\/index.php\/service-financiers\/sms-banking\/","title":{"rendered":"SMS BANKING"},"content":{"rendered":"\n<p style=\"font-size:18px\">Dans un environnement technologique en constante \u00e9volution, nous introduisons un service de gestion en temps r\u00e9el des comptes CODEC-Ouaga.<\/p>\n\n\n\n<p style=\"font-size:18px\">Le SMS Banking permet aux membres de recevoir des alertes (d\u00e9p\u00f4ts, retraits, rappels d\u2019\u00e9ch\u00e9ances, virements et transfert) et de suivre leurs op\u00e9rations de mani\u00e8re instantan\u00e9e, assurant ainsi une gestion efficace et s\u00e9curis\u00e9e.<\/p>\n","protected":false},"excerpt":{"rendered":"<p>Dans un environnement technologique en constante \u00e9volution, nous introduisons un service de gestion en temps r\u00e9el des comptes CODEC-Ouaga. Le SMS Banking permet aux membres de recevoir des alertes (d\u00e9p\u00f4ts, retraits, rappels d\u2019\u00e9ch\u00e9ances, virements et transfert) et de suivre leurs op\u00e9rations de mani\u00e8re instantan\u00e9e, assurant ainsi une gestion efficace et s\u00e9curis\u00e9e.<\/p>\n","protected":false},"author":1,"featured_media":0,"parent":1327,"menu_order":0,"comment_status":"closed","ping_status":"closed","template":"","meta":{"footnotes":""},"class_list":["post-2863","page","type-page","status-publish","hentry"],"_links":{"self":[{"href":"https:\/\/codec-ouaga.com\/index.php\/wp-json\/wp\/v2\/pages\/2863","targetHints":{"allow":["GET"]}}],"collection":[{"href":"https:\/\/codec-ouaga.com\/index.php\/wp-json\/wp\/v2\/pages"}],"about":[{"href":"https:\/\/codec-ouaga.com\/index.php\/wp-json\/wp\/v2\/types\/page"}],"author":[{"embeddable":true,"href":"https:\/\/codec-ouaga.com\/index.php\/wp-json\/wp\/v2\/users\/1"}],"replies":[{"embeddable":true,"href":"https:\/\/codec-ouaga.com\/index.php\/wp-json\/wp\/v2\/comments?post=2863"}],"version-history":[{"count":0,"href":"https:\/\/codec-ouaga.com\/index.php\/wp-json\/wp\/v2\/pages\/2863\/revisions"}],"up":[{"embeddable":true,"href":"https:\/\/codec-ouaga.com\/index.php\/wp-json\/wp\/v2\/pages\/1327"}],"wp:attachment":[{"href":"https:\/\/codec-ouaga.com\/index.php\/wp-json\/wp\/v2\/media?parent=2863"}],"curies":[{"name":"wp","href":"https:\/\/api.w.org\/{rel}","templated":true}]}}