{"id":2860,"date":"2025-11-18T17:36:53","date_gmt":"2025-11-18T17:36:53","guid":{"rendered":"https:\/\/codec-ouaga.com\/?page_id=2860"},"modified":"2025-11-24T14:41:26","modified_gmt":"2025-11-24T14:41:26","slug":"domiciliation-des-marches","status":"publish","type":"page","link":"https:\/\/codec-ouaga.com\/index.php\/service-financiers\/domiciliation-des-marches\/","title":{"rendered":"Domiciliation des March\u00e9s"},"content":{"rendered":"\n<p style=\"font-size:18px\">Un m\u00e9canisme permettant de garantir l\u2019ex\u00e9cution des march\u00e9s publics ou priv\u00e9s.<\/p>\n\n\n\n<ul class=\"wp-block-list\">\n<li style=\"font-size:18px\"><strong>Caract\u00e9ristiques<\/strong> :\n<ul class=\"wp-block-list\">\n<li style=\"font-size:18px\">Garantie de bonne ex\u00e9cution.<\/li>\n\n\n\n<li style=\"font-size:18px\">Acc\u00e8s facilit\u00e9 aux financements pour les entrepreneurs.<\/li>\n<\/ul>\n<\/li>\n<\/ul>\n\n\n\n<p style=\"font-size:18px\"><strong>Id\u00e9al pour<\/strong> : Les entreprises cherchant \u00e0 s\u00e9curiser leurs engagements contractuels.<\/p>\n","protected":false},"excerpt":{"rendered":"<p>Un m\u00e9canisme permettant de garantir l\u2019ex\u00e9cution des march\u00e9s publics ou priv\u00e9s. Id\u00e9al pour : Les entreprises cherchant \u00e0 s\u00e9curiser leurs engagements contractuels.<\/p>\n","protected":false},"author":1,"featured_media":0,"parent":1327,"menu_order":0,"comment_status":"closed","ping_status":"closed","template":"","meta":{"footnotes":""},"class_list":["post-2860","page","type-page","status-publish","hentry"],"_links":{"self":[{"href":"https:\/\/codec-ouaga.com\/index.php\/wp-json\/wp\/v2\/pages\/2860","targetHints":{"allow":["GET"]}}],"collection":[{"href":"https:\/\/codec-ouaga.com\/index.php\/wp-json\/wp\/v2\/pages"}],"about":[{"href":"https:\/\/codec-ouaga.com\/index.php\/wp-json\/wp\/v2\/types\/page"}],"author":[{"embeddable":true,"href":"https:\/\/codec-ouaga.com\/index.php\/wp-json\/wp\/v2\/users\/1"}],"replies":[{"embeddable":true,"href":"https:\/\/codec-ouaga.com\/index.php\/wp-json\/wp\/v2\/comments?post=2860"}],"version-history":[{"count":0,"href":"https:\/\/codec-ouaga.com\/index.php\/wp-json\/wp\/v2\/pages\/2860\/revisions"}],"up":[{"embeddable":true,"href":"https:\/\/codec-ouaga.com\/index.php\/wp-json\/wp\/v2\/pages\/1327"}],"wp:attachment":[{"href":"https:\/\/codec-ouaga.com\/index.php\/wp-json\/wp\/v2\/media?parent=2860"}],"curies":[{"name":"wp","href":"https:\/\/api.w.org\/{rel}","templated":true}]}}