{"id":2853,"date":"2025-11-18T17:31:48","date_gmt":"2025-11-18T17:31:48","guid":{"rendered":"https:\/\/codec-ouaga.com\/?page_id=2853"},"modified":"2025-11-24T14:39:39","modified_gmt":"2025-11-24T14:39:39","slug":"ordre-de-paiement-op","status":"publish","type":"page","link":"https:\/\/codec-ouaga.com\/index.php\/service-financiers\/ordre-de-paiement-op\/","title":{"rendered":"Ordre de Paiement (OP)"},"content":{"rendered":"\n<p style=\"font-size:18px\">Un outil de gestion qui permet aux entreprises et particuliers de <strong>d\u00e9l\u00e9guer leurs paiements<\/strong>.<\/p>\n\n\n\n<ul class=\"wp-block-list\">\n<li style=\"font-size:18px\"><strong>Caract\u00e9ristiques<\/strong> :\n<ul class=\"wp-block-list\">\n<li style=\"font-size:18px\">Paiement automatis\u00e9 de salaires, factures, ou autres obligations financi\u00e8res.<\/li>\n\n\n\n<li style=\"font-size:18px\">R\u00e9duction des risques d\u2019erreur ou de retard.<\/li>\n<\/ul>\n<\/li>\n<\/ul>\n\n\n\n<p style=\"font-size:18px\"><strong>Id\u00e9al pour<\/strong> : Les membres cherchant \u00e0 simplifier leurs op\u00e9rations financi\u00e8res.<\/p>\n\n\n\n<p><\/p>\n","protected":false},"excerpt":{"rendered":"<p>Un outil de gestion qui permet aux entreprises et particuliers de d\u00e9l\u00e9guer leurs paiements. Id\u00e9al pour : Les membres cherchant \u00e0 simplifier leurs op\u00e9rations financi\u00e8res.<\/p>\n","protected":false},"author":1,"featured_media":0,"parent":1327,"menu_order":0,"comment_status":"closed","ping_status":"closed","template":"","meta":{"footnotes":""},"class_list":["post-2853","page","type-page","status-publish","hentry"],"_links":{"self":[{"href":"https:\/\/codec-ouaga.com\/index.php\/wp-json\/wp\/v2\/pages\/2853","targetHints":{"allow":["GET"]}}],"collection":[{"href":"https:\/\/codec-ouaga.com\/index.php\/wp-json\/wp\/v2\/pages"}],"about":[{"href":"https:\/\/codec-ouaga.com\/index.php\/wp-json\/wp\/v2\/types\/page"}],"author":[{"embeddable":true,"href":"https:\/\/codec-ouaga.com\/index.php\/wp-json\/wp\/v2\/users\/1"}],"replies":[{"embeddable":true,"href":"https:\/\/codec-ouaga.com\/index.php\/wp-json\/wp\/v2\/comments?post=2853"}],"version-history":[{"count":0,"href":"https:\/\/codec-ouaga.com\/index.php\/wp-json\/wp\/v2\/pages\/2853\/revisions"}],"up":[{"embeddable":true,"href":"https:\/\/codec-ouaga.com\/index.php\/wp-json\/wp\/v2\/pages\/1327"}],"wp:attachment":[{"href":"https:\/\/codec-ouaga.com\/index.php\/wp-json\/wp\/v2\/media?parent=2853"}],"curies":[{"name":"wp","href":"https:\/\/api.w.org\/{rel}","templated":true}]}}