{"id":2847,"date":"2025-11-18T17:26:32","date_gmt":"2025-11-18T17:26:32","guid":{"rendered":"https:\/\/codec-ouaga.com\/?page_id=2847"},"modified":"2025-11-24T14:33:34","modified_gmt":"2025-11-24T14:33:34","slug":"mobile-banking-intercodeco","status":"publish","type":"page","link":"https:\/\/codec-ouaga.com\/index.php\/service-financiers\/mobile-banking-intercodeco\/","title":{"rendered":"Mobile Banking\/INTERCODECO"},"content":{"rendered":"\n<p style=\"font-size:18px\">Une solution num\u00e9rique pour g\u00e9rer vos finances via votre t\u00e9l\u00e9phone mobile.<\/p>\n\n\n\n<ul class=\"wp-block-list\">\n<li style=\"font-size:18px\"><strong>Caract\u00e9ristiques<\/strong> :\n<ul class=\"wp-block-list\">\n<li style=\"font-size:18px\"><strong>Wallet to Bank<\/strong> : Transf\u00e9rez de l\u2019argent depuis votre portefeuille mobile vers votre compte bancaire.<\/li>\n\n\n\n<li style=\"font-size:18px\"><strong>Bank to Wallet<\/strong> : Retirez ou transf\u00e9rez des fonds de votre compte bancaire vers votre portefeuille mobile.<\/li>\n<\/ul>\n<\/li>\n\n\n\n<li style=\"font-size:18px\"><strong>Avantages<\/strong> : Rapidit\u00e9, flexibilit\u00e9 et accessibilit\u00e9.<\/li>\n<\/ul>\n\n\n\n<p style=\"font-size:18px\"><strong>Id\u00e9al pour<\/strong> : Les membres recherchant une gestion financi\u00e8re Rapidit\u00e9, flexibilit\u00e9 et accessibilit\u00e9 en temps r\u00e9el.<\/p>\n\n\n\n<p><\/p>\n","protected":false},"excerpt":{"rendered":"<p>Une solution num\u00e9rique pour g\u00e9rer vos finances via votre t\u00e9l\u00e9phone mobile. Id\u00e9al pour : Les membres recherchant une gestion financi\u00e8re Rapidit\u00e9, flexibilit\u00e9 et accessibilit\u00e9 en temps r\u00e9el.<\/p>\n","protected":false},"author":1,"featured_media":0,"parent":1327,"menu_order":0,"comment_status":"closed","ping_status":"closed","template":"","meta":{"footnotes":""},"class_list":["post-2847","page","type-page","status-publish","hentry"],"_links":{"self":[{"href":"https:\/\/codec-ouaga.com\/index.php\/wp-json\/wp\/v2\/pages\/2847","targetHints":{"allow":["GET"]}}],"collection":[{"href":"https:\/\/codec-ouaga.com\/index.php\/wp-json\/wp\/v2\/pages"}],"about":[{"href":"https:\/\/codec-ouaga.com\/index.php\/wp-json\/wp\/v2\/types\/page"}],"author":[{"embeddable":true,"href":"https:\/\/codec-ouaga.com\/index.php\/wp-json\/wp\/v2\/users\/1"}],"replies":[{"embeddable":true,"href":"https:\/\/codec-ouaga.com\/index.php\/wp-json\/wp\/v2\/comments?post=2847"}],"version-history":[{"count":0,"href":"https:\/\/codec-ouaga.com\/index.php\/wp-json\/wp\/v2\/pages\/2847\/revisions"}],"up":[{"embeddable":true,"href":"https:\/\/codec-ouaga.com\/index.php\/wp-json\/wp\/v2\/pages\/1327"}],"wp:attachment":[{"href":"https:\/\/codec-ouaga.com\/index.php\/wp-json\/wp\/v2\/media?parent=2847"}],"curies":[{"name":"wp","href":"https:\/\/api.w.org\/{rel}","templated":true}]}}