{"id":2844,"date":"2025-11-18T17:23:26","date_gmt":"2025-11-18T17:23:26","guid":{"rendered":"https:\/\/codec-ouaga.com\/?page_id=2844"},"modified":"2025-11-18T17:23:26","modified_gmt":"2025-11-18T17:23:26","slug":"agency-banking","status":"publish","type":"page","link":"https:\/\/codec-ouaga.com\/index.php\/service-financiers\/agency-banking\/","title":{"rendered":"Agency Banking"},"content":{"rendered":"\n<p style=\"font-size:18px\">Un service d\u00e9centralis\u00e9 permettant de r\u00e9gler les factures d\u2019ONEA et de SONABEL.<\/p>\n\n\n\n<p><\/p>\n","protected":false},"excerpt":{"rendered":"<p>Un service d\u00e9centralis\u00e9 permettant de r\u00e9gler les factures d\u2019ONEA et de SONABEL.<\/p>\n","protected":false},"author":1,"featured_media":0,"parent":1327,"menu_order":0,"comment_status":"closed","ping_status":"closed","template":"","meta":{"footnotes":""},"class_list":["post-2844","page","type-page","status-publish","hentry"],"_links":{"self":[{"href":"https:\/\/codec-ouaga.com\/index.php\/wp-json\/wp\/v2\/pages\/2844","targetHints":{"allow":["GET"]}}],"collection":[{"href":"https:\/\/codec-ouaga.com\/index.php\/wp-json\/wp\/v2\/pages"}],"about":[{"href":"https:\/\/codec-ouaga.com\/index.php\/wp-json\/wp\/v2\/types\/page"}],"author":[{"embeddable":true,"href":"https:\/\/codec-ouaga.com\/index.php\/wp-json\/wp\/v2\/users\/1"}],"replies":[{"embeddable":true,"href":"https:\/\/codec-ouaga.com\/index.php\/wp-json\/wp\/v2\/comments?post=2844"}],"version-history":[{"count":0,"href":"https:\/\/codec-ouaga.com\/index.php\/wp-json\/wp\/v2\/pages\/2844\/revisions"}],"up":[{"embeddable":true,"href":"https:\/\/codec-ouaga.com\/index.php\/wp-json\/wp\/v2\/pages\/1327"}],"wp:attachment":[{"href":"https:\/\/codec-ouaga.com\/index.php\/wp-json\/wp\/v2\/media?parent=2844"}],"curies":[{"name":"wp","href":"https:\/\/api.w.org\/{rel}","templated":true}]}}