{"id":2840,"date":"2025-11-18T17:21:40","date_gmt":"2025-11-18T17:21:40","guid":{"rendered":"https:\/\/codec-ouaga.com\/?page_id=2840"},"modified":"2025-11-18T17:48:45","modified_gmt":"2025-11-18T17:48:45","slug":"micro-assurance","status":"publish","type":"page","link":"https:\/\/codec-ouaga.com\/index.php\/service-financiers\/micro-assurance\/","title":{"rendered":"Micro Assurance"},"content":{"rendered":"\n<p style=\"font-size:18px\">Une solution de couverture accessible et adapt\u00e9e aux <strong>besoins des populations \u00e0 revenus modestes<\/strong>.<\/p>\n\n\n\n<ul style=\"font-size:18px\" class=\"wp-block-list\">\n<li style=\"font-size:18px\"><strong>Caract\u00e9ristiques<\/strong> :\n<ul class=\"wp-block-list\">\n<li style=\"font-size:18px\">Couverture pour sant\u00e9, d\u00e9c\u00e8s, ou pertes \u00e9conomiques.<\/li>\n\n\n\n<li style=\"font-size:18px\">Prime d\u2019assurance abordable.<\/li>\n\n\n\n<li style=\"font-size:18px\">Proc\u00e9dure simple et rapide.<\/li>\n<\/ul>\n<\/li>\n\n\n\n<li style=\"font-size:18px\"><strong>Id\u00e9al pour<\/strong> : Les individus ou groupes \u00e0 faibles revenus souhaitant se pr\u00e9munir contre les risques du quotidien.<\/li>\n<\/ul>\n","protected":false},"excerpt":{"rendered":"<p>Une solution de couverture accessible et adapt\u00e9e aux besoins des populations \u00e0 revenus modestes.<\/p>\n","protected":false},"author":1,"featured_media":0,"parent":1327,"menu_order":0,"comment_status":"closed","ping_status":"closed","template":"","meta":{"footnotes":""},"class_list":["post-2840","page","type-page","status-publish","hentry"],"_links":{"self":[{"href":"https:\/\/codec-ouaga.com\/index.php\/wp-json\/wp\/v2\/pages\/2840","targetHints":{"allow":["GET"]}}],"collection":[{"href":"https:\/\/codec-ouaga.com\/index.php\/wp-json\/wp\/v2\/pages"}],"about":[{"href":"https:\/\/codec-ouaga.com\/index.php\/wp-json\/wp\/v2\/types\/page"}],"author":[{"embeddable":true,"href":"https:\/\/codec-ouaga.com\/index.php\/wp-json\/wp\/v2\/users\/1"}],"replies":[{"embeddable":true,"href":"https:\/\/codec-ouaga.com\/index.php\/wp-json\/wp\/v2\/comments?post=2840"}],"version-history":[{"count":0,"href":"https:\/\/codec-ouaga.com\/index.php\/wp-json\/wp\/v2\/pages\/2840\/revisions"}],"up":[{"embeddable":true,"href":"https:\/\/codec-ouaga.com\/index.php\/wp-json\/wp\/v2\/pages\/1327"}],"wp:attachment":[{"href":"https:\/\/codec-ouaga.com\/index.php\/wp-json\/wp\/v2\/media?parent=2840"}],"curies":[{"name":"wp","href":"https:\/\/api.w.org\/{rel}","templated":true}]}}