{"id":2837,"date":"2025-11-18T17:17:17","date_gmt":"2025-11-18T17:17:17","guid":{"rendered":"https:\/\/codec-ouaga.com\/?page_id=2837"},"modified":"2025-11-18T17:17:18","modified_gmt":"2025-11-18T17:17:18","slug":"assurance-vie","status":"publish","type":"page","link":"https:\/\/codec-ouaga.com\/index.php\/service-financiers\/assurance-vie\/","title":{"rendered":"Assurance Vie"},"content":{"rendered":"\n<p style=\"font-size:18px\">L\u2019assurance vie pour les emprunteurs est une couverture obligatoire ou facultative destin\u00e9e \u00e0 <strong>prot\u00e9ger les emprunteurs et leurs proches<\/strong> en cas d\u2019impr\u00e9vus majeurs pendant la dur\u00e9e d\u2019un pr\u00eat.<\/p>\n\n\n\n<p style=\"font-size:18px\"><strong>Caract\u00e9ristiques :<\/strong><\/p>\n\n\n\n<ul class=\"wp-block-list\">\n<li style=\"font-size:18px\"><strong>Protection financi\u00e8re<\/strong> : En cas de d\u00e9c\u00e8s, d\u2019invalidit\u00e9 ou d\u2019incapacit\u00e9 de l\u2019emprunteur, l\u2019assurance prend en charge le remboursement total ou partiel du pr\u00eat.<\/li>\n\n\n\n<li style=\"font-size:18px\"><strong>Tranquillit\u00e9 d\u2019esprit<\/strong> : Assure la s\u00e9r\u00e9nit\u00e9 de l\u2019emprunteur et de ses proches en \u00e9liminant le risque de dette r\u00e9siduelle.<\/li>\n\n\n\n<li style=\"font-size:18px\"><strong>Personnalisation<\/strong> : Le montant de la couverture est ajust\u00e9 au montant du cr\u00e9dit contract\u00e9.<\/li>\n<\/ul>\n\n\n\n<p style=\"font-size:18px\"><strong>Avantages :<\/strong><\/p>\n\n\n\n<ul class=\"wp-block-list\">\n<li style=\"font-size:18px\"><strong>S\u00e9curit\u00e9 pour l&#8217;emprunteur et ses proches<\/strong> : \u00c9vite de faire peser la charge financi\u00e8re sur la famille en cas d\u2019\u00e9v\u00e9nements impr\u00e9vus.<\/li>\n\n\n\n<li style=\"font-size:18px\"><strong>Soutien pour l&rsquo;institution de microfinance<\/strong> : R\u00e9duit les risques li\u00e9s \u00e0 l\u2019insolvabilit\u00e9 des emprunteurs.<\/li>\n\n\n\n<li style=\"font-size:18px\"><strong>Acc\u00e8s facilit\u00e9 aux cr\u00e9dits<\/strong> : Les emprunteurs disposant de cette assurance peuvent obtenir des pr\u00eats plus facilement.<\/li>\n<\/ul>\n\n\n\n<p style=\"font-size:18px\"><strong>Id\u00e9al pour : <\/strong>Tous les emprunteurs, qu\u2019il s\u2019agisse de particuliers ou d\u2019entreprises, souhaitant se prot\u00e9ger contre les al\u00e9as de la vie tout en garantissant le remboursement de leurs pr\u00eats.<\/p>\n","protected":false},"excerpt":{"rendered":"<p>L\u2019assurance vie pour les emprunteurs est une couverture obligatoire ou facultative destin\u00e9e \u00e0 prot\u00e9ger les emprunteurs et leurs proches en cas d\u2019impr\u00e9vus majeurs pendant la dur\u00e9e d\u2019un pr\u00eat. Caract\u00e9ristiques : Avantages : Id\u00e9al pour : Tous les emprunteurs, qu\u2019il s\u2019agisse de particuliers ou d\u2019entreprises, souhaitant se prot\u00e9ger contre les al\u00e9as de la vie tout en [&hellip;]<\/p>\n","protected":false},"author":1,"featured_media":0,"parent":1327,"menu_order":0,"comment_status":"closed","ping_status":"closed","template":"","meta":{"footnotes":""},"class_list":["post-2837","page","type-page","status-publish","hentry"],"_links":{"self":[{"href":"https:\/\/codec-ouaga.com\/index.php\/wp-json\/wp\/v2\/pages\/2837","targetHints":{"allow":["GET"]}}],"collection":[{"href":"https:\/\/codec-ouaga.com\/index.php\/wp-json\/wp\/v2\/pages"}],"about":[{"href":"https:\/\/codec-ouaga.com\/index.php\/wp-json\/wp\/v2\/types\/page"}],"author":[{"embeddable":true,"href":"https:\/\/codec-ouaga.com\/index.php\/wp-json\/wp\/v2\/users\/1"}],"replies":[{"embeddable":true,"href":"https:\/\/codec-ouaga.com\/index.php\/wp-json\/wp\/v2\/comments?post=2837"}],"version-history":[{"count":0,"href":"https:\/\/codec-ouaga.com\/index.php\/wp-json\/wp\/v2\/pages\/2837\/revisions"}],"up":[{"embeddable":true,"href":"https:\/\/codec-ouaga.com\/index.php\/wp-json\/wp\/v2\/pages\/1327"}],"wp:attachment":[{"href":"https:\/\/codec-ouaga.com\/index.php\/wp-json\/wp\/v2\/media?parent=2837"}],"curies":[{"name":"wp","href":"https:\/\/api.w.org\/{rel}","templated":true}]}}