{"id":2829,"date":"2025-11-18T16:52:25","date_gmt":"2025-11-18T16:52:25","guid":{"rendered":"https:\/\/codec-ouaga.com\/?page_id=2829"},"modified":"2025-11-18T16:52:25","modified_gmt":"2025-11-18T16:52:25","slug":"lattestation-de-ligne-de-credit","status":"publish","type":"page","link":"https:\/\/codec-ouaga.com\/index.php\/engagements-par-signature-cautions\/lattestation-de-ligne-de-credit\/","title":{"rendered":"L\u2019attestation de ligne de cr\u00e9dit"},"content":{"rendered":"\n<figure class=\"wp-block-image size-full\"><img loading=\"lazy\" decoding=\"async\" width=\"680\" height=\"453\" src=\"https:\/\/codec-ouaga.com\/wp-content\/uploads\/2025\/11\/75330.jpg\" alt=\"\" class=\"wp-image-2677\" srcset=\"https:\/\/codec-ouaga.com\/wp-content\/uploads\/2025\/11\/75330.jpg 680w, https:\/\/codec-ouaga.com\/wp-content\/uploads\/2025\/11\/75330-300x200.jpg 300w\" sizes=\"auto, (max-width: 680px) 100vw, 680px\" \/><\/figure>\n\n\n\n<p style=\"font-size:18px\">Elle peut \u00eatre r\u00e9clam\u00e9e par l\u2019administration publique ou priv\u00e9e dans le cadre des march\u00e9s en vue d\u2019assurer le ma\u00eetre d\u2019ouvrage que l\u2019\u00e9ventuel attributaire de march\u00e9 pourra \u00eatre accompagn\u00e9 par sa structure financi\u00e8re.<\/p>\n\n\n\n<p><\/p>\n","protected":false},"excerpt":{"rendered":"<p>Elle peut \u00eatre r\u00e9clam\u00e9e par l\u2019administration publique ou priv\u00e9e dans le cadre des march\u00e9s en vue d\u2019assurer le ma\u00eetre d\u2019ouvrage que l\u2019\u00e9ventuel attributaire de march\u00e9 pourra \u00eatre accompagn\u00e9 par sa structure financi\u00e8re.<\/p>\n","protected":false},"author":1,"featured_media":0,"parent":2418,"menu_order":0,"comment_status":"closed","ping_status":"closed","template":"","meta":{"footnotes":""},"class_list":["post-2829","page","type-page","status-publish","hentry"],"_links":{"self":[{"href":"https:\/\/codec-ouaga.com\/index.php\/wp-json\/wp\/v2\/pages\/2829","targetHints":{"allow":["GET"]}}],"collection":[{"href":"https:\/\/codec-ouaga.com\/index.php\/wp-json\/wp\/v2\/pages"}],"about":[{"href":"https:\/\/codec-ouaga.com\/index.php\/wp-json\/wp\/v2\/types\/page"}],"author":[{"embeddable":true,"href":"https:\/\/codec-ouaga.com\/index.php\/wp-json\/wp\/v2\/users\/1"}],"replies":[{"embeddable":true,"href":"https:\/\/codec-ouaga.com\/index.php\/wp-json\/wp\/v2\/comments?post=2829"}],"version-history":[{"count":0,"href":"https:\/\/codec-ouaga.com\/index.php\/wp-json\/wp\/v2\/pages\/2829\/revisions"}],"up":[{"embeddable":true,"href":"https:\/\/codec-ouaga.com\/index.php\/wp-json\/wp\/v2\/pages\/2418"}],"wp:attachment":[{"href":"https:\/\/codec-ouaga.com\/index.php\/wp-json\/wp\/v2\/media?parent=2829"}],"curies":[{"name":"wp","href":"https:\/\/api.w.org\/{rel}","templated":true}]}}