{"id":2821,"date":"2025-11-18T16:36:36","date_gmt":"2025-11-18T16:36:36","guid":{"rendered":"https:\/\/codec-ouaga.com\/?page_id=2821"},"modified":"2025-11-18T16:38:36","modified_gmt":"2025-11-18T16:38:36","slug":"lattestation-de-capacite-financiere","status":"publish","type":"page","link":"https:\/\/codec-ouaga.com\/index.php\/engagements-par-signature-cautions\/lattestation-de-capacite-financiere\/","title":{"rendered":"L\u2019attestation de capacit\u00e9 financi\u00e8re"},"content":{"rendered":"\n<figure class=\"wp-block-image size-full\"><img loading=\"lazy\" decoding=\"async\" width=\"680\" height=\"453\" src=\"https:\/\/codec-ouaga.com\/wp-content\/uploads\/2025\/11\/patient-recevant-un-document-medical.jpg\" alt=\"\" class=\"wp-image-2676\" srcset=\"https:\/\/codec-ouaga.com\/wp-content\/uploads\/2025\/11\/patient-recevant-un-document-medical.jpg 680w, https:\/\/codec-ouaga.com\/wp-content\/uploads\/2025\/11\/patient-recevant-un-document-medical-300x200.jpg 300w\" sizes=\"auto, (max-width: 680px) 100vw, 680px\" \/><\/figure>\n\n\n\n<p style=\"font-size:18px\">Elle vise \u00e0 appr\u00e9cier la capacit\u00e9 d\u2019un agent \u00e9conomique \u00e0 faire face \u00e0 un certain nombre d\u2019engagements financiers actuels ou \u00e0 venir.<\/p>\n\n\n\n<p style=\"font-size:18px\">La capacit\u00e9 financi\u00e8re va correspondre \u00e0 l\u2019ensemble des actifs d\u00e9tenus par un agent \u00e9conomique et qui sont mobilisables \u00e0 des fins d\u2019investissements, d\u2019emprunts ou de remises de garanties.<\/p>\n\n\n\n<p><\/p>\n","protected":false},"excerpt":{"rendered":"<p>Elle vise \u00e0 appr\u00e9cier la capacit\u00e9 d\u2019un agent \u00e9conomique \u00e0 faire face \u00e0 un certain nombre d\u2019engagements financiers actuels ou \u00e0 venir. La capacit\u00e9 financi\u00e8re va correspondre \u00e0 l\u2019ensemble des actifs d\u00e9tenus par un agent \u00e9conomique et qui sont mobilisables \u00e0 des fins d\u2019investissements, d\u2019emprunts ou de remises de garanties.<\/p>\n","protected":false},"author":1,"featured_media":0,"parent":2418,"menu_order":0,"comment_status":"closed","ping_status":"closed","template":"","meta":{"footnotes":""},"class_list":["post-2821","page","type-page","status-publish","hentry"],"_links":{"self":[{"href":"https:\/\/codec-ouaga.com\/index.php\/wp-json\/wp\/v2\/pages\/2821","targetHints":{"allow":["GET"]}}],"collection":[{"href":"https:\/\/codec-ouaga.com\/index.php\/wp-json\/wp\/v2\/pages"}],"about":[{"href":"https:\/\/codec-ouaga.com\/index.php\/wp-json\/wp\/v2\/types\/page"}],"author":[{"embeddable":true,"href":"https:\/\/codec-ouaga.com\/index.php\/wp-json\/wp\/v2\/users\/1"}],"replies":[{"embeddable":true,"href":"https:\/\/codec-ouaga.com\/index.php\/wp-json\/wp\/v2\/comments?post=2821"}],"version-history":[{"count":0,"href":"https:\/\/codec-ouaga.com\/index.php\/wp-json\/wp\/v2\/pages\/2821\/revisions"}],"up":[{"embeddable":true,"href":"https:\/\/codec-ouaga.com\/index.php\/wp-json\/wp\/v2\/pages\/2418"}],"wp:attachment":[{"href":"https:\/\/codec-ouaga.com\/index.php\/wp-json\/wp\/v2\/media?parent=2821"}],"curies":[{"name":"wp","href":"https:\/\/api.w.org\/{rel}","templated":true}]}}