{"id":2815,"date":"2025-11-18T16:12:21","date_gmt":"2025-11-18T16:12:21","guid":{"rendered":"https:\/\/codec-ouaga.com\/?page_id=2815"},"modified":"2025-11-18T16:47:19","modified_gmt":"2025-11-18T16:47:19","slug":"la-caution-de-retenue-de-garantie","status":"publish","type":"page","link":"https:\/\/codec-ouaga.com\/index.php\/engagements-par-signature-cautions\/la-caution-de-retenue-de-garantie\/","title":{"rendered":"La caution de retenue de garantie"},"content":{"rendered":"\n<figure class=\"wp-block-image size-full\"><img loading=\"lazy\" decoding=\"async\" width=\"680\" height=\"453\" src=\"https:\/\/codec-ouaga.com\/wp-content\/uploads\/2025\/11\/2147919145-1.jpg\" alt=\"\" class=\"wp-image-2679\" srcset=\"https:\/\/codec-ouaga.com\/wp-content\/uploads\/2025\/11\/2147919145-1.jpg 680w, https:\/\/codec-ouaga.com\/wp-content\/uploads\/2025\/11\/2147919145-1-300x200.jpg 300w\" sizes=\"auto, (max-width: 680px) 100vw, 680px\" \/><\/figure>\n\n\n\n<p style=\"font-size:18px\">Apr\u00e8s l\u2019ex\u00e9cution d\u2019un march\u00e9, pendant une p\u00e9riode d\u2019une ann\u00e9e, le ma\u00eetre d\u2019\u0153uvre est tenu pour toutes les irr\u00e9gularit\u00e9s et imperfections constat\u00e9es sur les \u0153uvres. G\u00e9n\u00e9ralement il lui est retenu 10% du montant du march\u00e9 pour parer aux \u00e9ventuelles imperfections.<\/p>\n\n\n\n<p><\/p>\n","protected":false},"excerpt":{"rendered":"<p>Apr\u00e8s l\u2019ex\u00e9cution d\u2019un march\u00e9, pendant une p\u00e9riode d\u2019une ann\u00e9e, le ma\u00eetre d\u2019\u0153uvre est tenu pour toutes les irr\u00e9gularit\u00e9s et imperfections constat\u00e9es sur les \u0153uvres. G\u00e9n\u00e9ralement il lui est retenu 10% du montant du march\u00e9 pour parer aux \u00e9ventuelles imperfections.<\/p>\n","protected":false},"author":1,"featured_media":0,"parent":2418,"menu_order":0,"comment_status":"closed","ping_status":"closed","template":"","meta":{"footnotes":""},"class_list":["post-2815","page","type-page","status-publish","hentry"],"_links":{"self":[{"href":"https:\/\/codec-ouaga.com\/index.php\/wp-json\/wp\/v2\/pages\/2815","targetHints":{"allow":["GET"]}}],"collection":[{"href":"https:\/\/codec-ouaga.com\/index.php\/wp-json\/wp\/v2\/pages"}],"about":[{"href":"https:\/\/codec-ouaga.com\/index.php\/wp-json\/wp\/v2\/types\/page"}],"author":[{"embeddable":true,"href":"https:\/\/codec-ouaga.com\/index.php\/wp-json\/wp\/v2\/users\/1"}],"replies":[{"embeddable":true,"href":"https:\/\/codec-ouaga.com\/index.php\/wp-json\/wp\/v2\/comments?post=2815"}],"version-history":[{"count":0,"href":"https:\/\/codec-ouaga.com\/index.php\/wp-json\/wp\/v2\/pages\/2815\/revisions"}],"up":[{"embeddable":true,"href":"https:\/\/codec-ouaga.com\/index.php\/wp-json\/wp\/v2\/pages\/2418"}],"wp:attachment":[{"href":"https:\/\/codec-ouaga.com\/index.php\/wp-json\/wp\/v2\/media?parent=2815"}],"curies":[{"name":"wp","href":"https:\/\/api.w.org\/{rel}","templated":true}]}}