{"id":2812,"date":"2025-11-18T16:08:36","date_gmt":"2025-11-18T16:08:36","guid":{"rendered":"https:\/\/codec-ouaga.com\/?page_id=2812"},"modified":"2025-11-18T17:07:33","modified_gmt":"2025-11-18T17:07:33","slug":"la-caution-davance-de-demarrage-garantie-de-paiement","status":"publish","type":"page","link":"https:\/\/codec-ouaga.com\/index.php\/engagements-par-signature-cautions\/la-caution-davance-de-demarrage-garantie-de-paiement\/","title":{"rendered":"La caution d\u2019avance de d\u00e9marrage\/garantie de paiement"},"content":{"rendered":"\n<figure class=\"wp-block-image size-full\"><img loading=\"lazy\" decoding=\"async\" width=\"680\" height=\"453\" src=\"https:\/\/codec-ouaga.com\/wp-content\/uploads\/2025\/11\/2149149722-1.jpg\" alt=\"\" class=\"wp-image-2680\" srcset=\"https:\/\/codec-ouaga.com\/wp-content\/uploads\/2025\/11\/2149149722-1.jpg 680w, https:\/\/codec-ouaga.com\/wp-content\/uploads\/2025\/11\/2149149722-1-300x200.jpg 300w\" sizes=\"auto, (max-width: 680px) 100vw, 680px\" \/><\/figure>\n\n\n\n<p style=\"font-size:18px\">C\u2019est un document qui atteste, que si le ma\u00eetre d\u2019ouvrage donne une avance sur le montant global du march\u00e9, il sera rembours\u00e9 m\u00eame en cas d\u2019interruption des travaux&nbsp;;<\/p>\n\n\n\n<p style=\"font-size:18px\">En effet, au moment du d\u00e9marrage d\u2019un chantier ou apr\u00e8s la signature d\u2019un contrat de fourniture, le ma\u00eetre d\u2019\u0153uvre doit avoir la capacit\u00e9 de financer les premi\u00e8res d\u00e9penses.<\/p>\n\n\n\n<p><\/p>\n","protected":false},"excerpt":{"rendered":"<p>C\u2019est un document qui atteste, que si le ma\u00eetre d\u2019ouvrage donne une avance sur le montant global du march\u00e9, il sera rembours\u00e9 m\u00eame en cas d\u2019interruption des travaux&nbsp;; En effet, au moment du d\u00e9marrage d\u2019un chantier ou apr\u00e8s la signature d\u2019un contrat de fourniture, le ma\u00eetre d\u2019\u0153uvre doit avoir la capacit\u00e9 de financer les premi\u00e8res [&hellip;]<\/p>\n","protected":false},"author":1,"featured_media":0,"parent":2418,"menu_order":0,"comment_status":"closed","ping_status":"closed","template":"","meta":{"footnotes":""},"class_list":["post-2812","page","type-page","status-publish","hentry"],"_links":{"self":[{"href":"https:\/\/codec-ouaga.com\/index.php\/wp-json\/wp\/v2\/pages\/2812","targetHints":{"allow":["GET"]}}],"collection":[{"href":"https:\/\/codec-ouaga.com\/index.php\/wp-json\/wp\/v2\/pages"}],"about":[{"href":"https:\/\/codec-ouaga.com\/index.php\/wp-json\/wp\/v2\/types\/page"}],"author":[{"embeddable":true,"href":"https:\/\/codec-ouaga.com\/index.php\/wp-json\/wp\/v2\/users\/1"}],"replies":[{"embeddable":true,"href":"https:\/\/codec-ouaga.com\/index.php\/wp-json\/wp\/v2\/comments?post=2812"}],"version-history":[{"count":0,"href":"https:\/\/codec-ouaga.com\/index.php\/wp-json\/wp\/v2\/pages\/2812\/revisions"}],"up":[{"embeddable":true,"href":"https:\/\/codec-ouaga.com\/index.php\/wp-json\/wp\/v2\/pages\/2418"}],"wp:attachment":[{"href":"https:\/\/codec-ouaga.com\/index.php\/wp-json\/wp\/v2\/media?parent=2812"}],"curies":[{"name":"wp","href":"https:\/\/api.w.org\/{rel}","templated":true}]}}