{"id":2809,"date":"2025-11-18T15:48:53","date_gmt":"2025-11-18T15:48:53","guid":{"rendered":"https:\/\/codec-ouaga.com\/?page_id=2809"},"modified":"2025-11-18T17:08:41","modified_gmt":"2025-11-18T17:08:41","slug":"la-caution-de-soumission","status":"publish","type":"page","link":"https:\/\/codec-ouaga.com\/index.php\/engagements-par-signature-cautions\/la-caution-de-soumission\/","title":{"rendered":"La caution de soumission"},"content":{"rendered":"\n<figure class=\"wp-block-image size-full\"><img loading=\"lazy\" decoding=\"async\" width=\"680\" height=\"453\" src=\"https:\/\/codec-ouaga.com\/wp-content\/uploads\/2025\/11\/2148950421-1.jpg\" alt=\"\" class=\"wp-image-2681\" srcset=\"https:\/\/codec-ouaga.com\/wp-content\/uploads\/2025\/11\/2148950421-1.jpg 680w, https:\/\/codec-ouaga.com\/wp-content\/uploads\/2025\/11\/2148950421-1-300x200.jpg 300w\" sizes=\"auto, (max-width: 680px) 100vw, 680px\" \/><\/figure>\n\n\n\n<p style=\"font-size:18px\">Cette caution garantit \u00e0 l\u2019acheteur, lors d\u2019une r\u00e9ponse d\u2019un appel d\u2019offres, que le vendeur (s\u2019il emporte le march\u00e9) ex\u00e9cutera r\u00e9ellement le march\u00e9 comme pr\u00e9d\u00e9finis dans les closes de l\u2019appel d\u2019offre en question.<\/p>\n\n\n\n<p style=\"font-size:18px\">Cette caution est <strong>obligatoire lors d\u2019un appel<\/strong> <strong>d\u2019offre pour un march\u00e9 public ou priv\u00e9<\/strong> ; et est accompagn\u00e9e le plus souvent d\u2019une attestation de ligne de cr\u00e9dit.<\/p>\n","protected":false},"excerpt":{"rendered":"<p>Cette caution garantit \u00e0 l\u2019acheteur, lors d\u2019une r\u00e9ponse d\u2019un appel d\u2019offres, que le vendeur (s\u2019il emporte le march\u00e9) ex\u00e9cutera r\u00e9ellement le march\u00e9 comme pr\u00e9d\u00e9finis dans les closes de l\u2019appel d\u2019offre en question. Cette caution est obligatoire lors d\u2019un appel d\u2019offre pour un march\u00e9 public ou priv\u00e9 ; et est accompagn\u00e9e le plus souvent d\u2019une attestation [&hellip;]<\/p>\n","protected":false},"author":1,"featured_media":0,"parent":2418,"menu_order":0,"comment_status":"closed","ping_status":"closed","template":"","meta":{"footnotes":""},"class_list":["post-2809","page","type-page","status-publish","hentry"],"_links":{"self":[{"href":"https:\/\/codec-ouaga.com\/index.php\/wp-json\/wp\/v2\/pages\/2809","targetHints":{"allow":["GET"]}}],"collection":[{"href":"https:\/\/codec-ouaga.com\/index.php\/wp-json\/wp\/v2\/pages"}],"about":[{"href":"https:\/\/codec-ouaga.com\/index.php\/wp-json\/wp\/v2\/types\/page"}],"author":[{"embeddable":true,"href":"https:\/\/codec-ouaga.com\/index.php\/wp-json\/wp\/v2\/users\/1"}],"replies":[{"embeddable":true,"href":"https:\/\/codec-ouaga.com\/index.php\/wp-json\/wp\/v2\/comments?post=2809"}],"version-history":[{"count":0,"href":"https:\/\/codec-ouaga.com\/index.php\/wp-json\/wp\/v2\/pages\/2809\/revisions"}],"up":[{"embeddable":true,"href":"https:\/\/codec-ouaga.com\/index.php\/wp-json\/wp\/v2\/pages\/2418"}],"wp:attachment":[{"href":"https:\/\/codec-ouaga.com\/index.php\/wp-json\/wp\/v2\/media?parent=2809"}],"curies":[{"name":"wp","href":"https:\/\/api.w.org\/{rel}","templated":true}]}}