{"id":2799,"date":"2025-11-18T15:35:37","date_gmt":"2025-11-18T15:35:37","guid":{"rendered":"https:\/\/codec-ouaga.com\/?page_id=2799"},"modified":"2025-12-10T12:35:16","modified_gmt":"2025-12-10T12:35:16","slug":"pret-scolaire-3","status":"publish","type":"page","link":"https:\/\/codec-ouaga.com\/index.php\/credit-direct\/pret-scolaire-3\/","title":{"rendered":"Pr\u00eat Scolaire"},"content":{"rendered":"\n<figure class=\"wp-block-image size-full\"><img loading=\"lazy\" decoding=\"async\" width=\"680\" height=\"453\" src=\"https:\/\/codec-ouaga.com\/wp-content\/uploads\/2025\/11\/Pret-Scolaire-1.jpg\" alt=\"\" class=\"wp-image-2667\" srcset=\"https:\/\/codec-ouaga.com\/wp-content\/uploads\/2025\/11\/Pret-Scolaire-1.jpg 680w, https:\/\/codec-ouaga.com\/wp-content\/uploads\/2025\/11\/Pret-Scolaire-1-300x200.jpg 300w\" sizes=\"auto, (max-width: 680px) 100vw, 680px\" \/><\/figure>\n\n\n\n<p style=\"font-size:18px\">Le pr\u00eat scolaire est un financement con\u00e7u pour <strong>accompagner les familles dans la prise en charge des d\u00e9penses li\u00e9es \u00e0 l\u2019\u00e9ducation<\/strong>.<\/p>\n\n\n\n<ul class=\"wp-block-list\">\n<li style=\"font-size:18px\"><strong>Caract\u00e9ristiques<\/strong> :\n<ul class=\"wp-block-list\">\n<li>Montant adapt\u00e9 aux frais de scolarit\u00e9, achats de fournitures, ou autres d\u00e9penses \u00e9ducatives.<\/li>\n\n\n\n<li>Dur\u00e9e de remboursement flexible, souvent align\u00e9e sur l\u2019ann\u00e9e scolaire.<\/li>\n\n\n\n<li>Taux d\u2019int\u00e9r\u00eat avantageux pour soutenir les m\u00e9nages.<\/li>\n<\/ul>\n<\/li>\n\n\n\n<li style=\"font-size:18px\"><strong>Avantages<\/strong> : Simplifie l&rsquo;acc\u00e8s \u00e0 l\u2019\u00e9ducation pour les enfants tout en \u00e9vitant des contraintes financi\u00e8res imm\u00e9diates.<\/li>\n<\/ul>\n\n\n\n<p style=\"font-size:18px\"><strong>Id\u00e9al pour<\/strong> : Les parents et tuteurs souhaitant garantir une rentr\u00e9e scolaire sereine \u00e0 leurs enfants.<\/p>\n","protected":false},"excerpt":{"rendered":"<p>Le pr\u00eat scolaire est un financement con\u00e7u pour accompagner les familles dans la prise en charge des d\u00e9penses li\u00e9es \u00e0 l\u2019\u00e9ducation. Id\u00e9al pour : Les parents et tuteurs souhaitant garantir une rentr\u00e9e scolaire sereine \u00e0 leurs enfants.<\/p>\n","protected":false},"author":1,"featured_media":0,"parent":2382,"menu_order":0,"comment_status":"closed","ping_status":"closed","template":"","meta":{"footnotes":""},"class_list":["post-2799","page","type-page","status-publish","hentry"],"_links":{"self":[{"href":"https:\/\/codec-ouaga.com\/index.php\/wp-json\/wp\/v2\/pages\/2799","targetHints":{"allow":["GET"]}}],"collection":[{"href":"https:\/\/codec-ouaga.com\/index.php\/wp-json\/wp\/v2\/pages"}],"about":[{"href":"https:\/\/codec-ouaga.com\/index.php\/wp-json\/wp\/v2\/types\/page"}],"author":[{"embeddable":true,"href":"https:\/\/codec-ouaga.com\/index.php\/wp-json\/wp\/v2\/users\/1"}],"replies":[{"embeddable":true,"href":"https:\/\/codec-ouaga.com\/index.php\/wp-json\/wp\/v2\/comments?post=2799"}],"version-history":[{"count":0,"href":"https:\/\/codec-ouaga.com\/index.php\/wp-json\/wp\/v2\/pages\/2799\/revisions"}],"up":[{"embeddable":true,"href":"https:\/\/codec-ouaga.com\/index.php\/wp-json\/wp\/v2\/pages\/2382"}],"wp:attachment":[{"href":"https:\/\/codec-ouaga.com\/index.php\/wp-json\/wp\/v2\/media?parent=2799"}],"curies":[{"name":"wp","href":"https:\/\/api.w.org\/{rel}","templated":true}]}}