{"id":2792,"date":"2025-11-18T15:29:17","date_gmt":"2025-11-18T15:29:17","guid":{"rendered":"https:\/\/codec-ouaga.com\/?page_id=2792"},"modified":"2025-12-10T12:22:29","modified_gmt":"2025-12-10T12:22:29","slug":"credit-tontine-codeco-3","status":"publish","type":"page","link":"https:\/\/codec-ouaga.com\/index.php\/credit-direct\/credit-tontine-codeco-3\/","title":{"rendered":"Cr\u00e9dit Tontine CODECO"},"content":{"rendered":"\n<figure class=\"wp-block-image size-full\"><img loading=\"lazy\" decoding=\"async\" width=\"680\" height=\"453\" src=\"https:\/\/codec-ouaga.com\/wp-content\/uploads\/2025\/11\/Credit-Tontine-CODECO-1.jpg\" alt=\"\" class=\"wp-image-2660\" srcset=\"https:\/\/codec-ouaga.com\/wp-content\/uploads\/2025\/11\/Credit-Tontine-CODECO-1.jpg 680w, https:\/\/codec-ouaga.com\/wp-content\/uploads\/2025\/11\/Credit-Tontine-CODECO-1-300x200.jpg 300w\" sizes=\"auto, (max-width: 680px) 100vw, 680px\" \/><\/figure>\n\n\n\n<p style=\"font-size:18px\">Une solution d\u2019\u00e9pargne flexible et inclusive, ancr\u00e9e dans les pratiques traditionnelles mais s\u00e9curis\u00e9e dans un cadre moderne. Ce produit offre aux membres la possibilit\u00e9 de g\u00e9rer leurs finances quotidiennes tout en planifiant leurs projets futurs.<\/p>\n\n\n\n<ul class=\"wp-block-list\">\n<li style=\"font-size:18px\"><strong>Caract\u00e9ristiques<\/strong> : Remboursement mensuel par la tontine CODECO.<\/li>\n<\/ul>\n\n\n\n<p style=\"font-size:18px\"><strong>Id\u00e9al pour<\/strong> : Toutes personnes exer\u00e7ant une activit\u00e9 g\u00e9n\u00e9ratrice de revenus pratiquant la tontine.<\/p>\n\n\n\n<p><\/p>\n","protected":false},"excerpt":{"rendered":"<p>Une solution d\u2019\u00e9pargne flexible et inclusive, ancr\u00e9e dans les pratiques traditionnelles mais s\u00e9curis\u00e9e dans un cadre moderne. Ce produit offre aux membres la possibilit\u00e9 de g\u00e9rer leurs finances quotidiennes tout en planifiant leurs projets futurs. Id\u00e9al pour : Toutes personnes exer\u00e7ant une activit\u00e9 g\u00e9n\u00e9ratrice de revenus pratiquant la tontine.<\/p>\n","protected":false},"author":1,"featured_media":0,"parent":2382,"menu_order":0,"comment_status":"closed","ping_status":"closed","template":"","meta":{"footnotes":""},"class_list":["post-2792","page","type-page","status-publish","hentry"],"_links":{"self":[{"href":"https:\/\/codec-ouaga.com\/index.php\/wp-json\/wp\/v2\/pages\/2792","targetHints":{"allow":["GET"]}}],"collection":[{"href":"https:\/\/codec-ouaga.com\/index.php\/wp-json\/wp\/v2\/pages"}],"about":[{"href":"https:\/\/codec-ouaga.com\/index.php\/wp-json\/wp\/v2\/types\/page"}],"author":[{"embeddable":true,"href":"https:\/\/codec-ouaga.com\/index.php\/wp-json\/wp\/v2\/users\/1"}],"replies":[{"embeddable":true,"href":"https:\/\/codec-ouaga.com\/index.php\/wp-json\/wp\/v2\/comments?post=2792"}],"version-history":[{"count":0,"href":"https:\/\/codec-ouaga.com\/index.php\/wp-json\/wp\/v2\/pages\/2792\/revisions"}],"up":[{"embeddable":true,"href":"https:\/\/codec-ouaga.com\/index.php\/wp-json\/wp\/v2\/pages\/2382"}],"wp:attachment":[{"href":"https:\/\/codec-ouaga.com\/index.php\/wp-json\/wp\/v2\/media?parent=2792"}],"curies":[{"name":"wp","href":"https:\/\/api.w.org\/{rel}","templated":true}]}}