{"id":2783,"date":"2025-11-18T15:22:22","date_gmt":"2025-11-18T15:22:22","guid":{"rendered":"https:\/\/codec-ouaga.com\/?page_id=2783"},"modified":"2025-12-10T12:25:51","modified_gmt":"2025-12-10T12:25:51","slug":"credits-aux-pme-et-pmi","status":"publish","type":"page","link":"https:\/\/codec-ouaga.com\/index.php\/credit-direct\/credits-aux-pme-et-pmi\/","title":{"rendered":"Cr\u00e9dits aux PME et PMI"},"content":{"rendered":"\n<figure class=\"wp-block-image size-full\"><img loading=\"lazy\" decoding=\"async\" width=\"735\" height=\"468\" src=\"https:\/\/codec-ouaga.com\/wp-content\/uploads\/2025\/11\/Credits-aux-PME-et-PMI.jpg\" alt=\"\" class=\"wp-image-2395\" srcset=\"https:\/\/codec-ouaga.com\/wp-content\/uploads\/2025\/11\/Credits-aux-PME-et-PMI.jpg 735w, https:\/\/codec-ouaga.com\/wp-content\/uploads\/2025\/11\/Credits-aux-PME-et-PMI-300x191.jpg 300w\" sizes=\"auto, (max-width: 735px) 100vw, 735px\" \/><\/figure>\n\n\n\n<p style=\"font-size:18px\">Ces cr\u00e9dits sont sp\u00e9cifiquement adapt\u00e9s aux besoins des Petites et Moyennes Entreprises (PME) et Petites et Moyennes Industries (PMI) pour le d\u00e9veloppement de leurs activit\u00e9s.<\/p>\n\n\n\n<ul class=\"wp-block-list\">\n<li style=\"font-size:18px\"><strong>Avantages<\/strong> : Conditions sur mesure, financement \u00e0 court ou moyen terme.<\/li>\n<\/ul>\n\n\n\n<p style=\"font-size:18px\"><strong>Id\u00e9al pour<\/strong> : Les membres en qu\u00eate d\u2019un accompagnement financier structur\u00e9.<\/p>\n\n\n\n<p><\/p>\n","protected":false},"excerpt":{"rendered":"<p>Ces cr\u00e9dits sont sp\u00e9cifiquement adapt\u00e9s aux besoins des Petites et Moyennes Entreprises (PME) et Petites et Moyennes Industries (PMI) pour le d\u00e9veloppement de leurs activit\u00e9s. Id\u00e9al pour : Les membres en qu\u00eate d\u2019un accompagnement financier structur\u00e9.<\/p>\n","protected":false},"author":1,"featured_media":0,"parent":2382,"menu_order":0,"comment_status":"closed","ping_status":"closed","template":"","meta":{"footnotes":""},"class_list":["post-2783","page","type-page","status-publish","hentry"],"_links":{"self":[{"href":"https:\/\/codec-ouaga.com\/index.php\/wp-json\/wp\/v2\/pages\/2783","targetHints":{"allow":["GET"]}}],"collection":[{"href":"https:\/\/codec-ouaga.com\/index.php\/wp-json\/wp\/v2\/pages"}],"about":[{"href":"https:\/\/codec-ouaga.com\/index.php\/wp-json\/wp\/v2\/types\/page"}],"author":[{"embeddable":true,"href":"https:\/\/codec-ouaga.com\/index.php\/wp-json\/wp\/v2\/users\/1"}],"replies":[{"embeddable":true,"href":"https:\/\/codec-ouaga.com\/index.php\/wp-json\/wp\/v2\/comments?post=2783"}],"version-history":[{"count":0,"href":"https:\/\/codec-ouaga.com\/index.php\/wp-json\/wp\/v2\/pages\/2783\/revisions"}],"up":[{"embeddable":true,"href":"https:\/\/codec-ouaga.com\/index.php\/wp-json\/wp\/v2\/pages\/2382"}],"wp:attachment":[{"href":"https:\/\/codec-ouaga.com\/index.php\/wp-json\/wp\/v2\/media?parent=2783"}],"curies":[{"name":"wp","href":"https:\/\/api.w.org\/{rel}","templated":true}]}}