{"id":2779,"date":"2025-11-18T15:19:11","date_gmt":"2025-11-18T15:19:11","guid":{"rendered":"https:\/\/codec-ouaga.com\/?page_id=2779"},"modified":"2025-12-10T12:31:55","modified_gmt":"2025-12-10T12:31:55","slug":"credits-ordinaires-3","status":"publish","type":"page","link":"https:\/\/codec-ouaga.com\/index.php\/credit-direct\/credits-ordinaires-3\/","title":{"rendered":"Cr\u00e9dits Ordinaires"},"content":{"rendered":"\n<figure class=\"wp-block-image size-full\"><img loading=\"lazy\" decoding=\"async\" width=\"680\" height=\"453\" src=\"https:\/\/codec-ouaga.com\/wp-content\/uploads\/2025\/11\/Credits-Ordinaires-1.jpg\" alt=\"\" class=\"wp-image-2652\" srcset=\"https:\/\/codec-ouaga.com\/wp-content\/uploads\/2025\/11\/Credits-Ordinaires-1.jpg 680w, https:\/\/codec-ouaga.com\/wp-content\/uploads\/2025\/11\/Credits-Ordinaires-1-300x200.jpg 300w\" sizes=\"auto, (max-width: 680px) 100vw, 680px\" \/><\/figure>\n\n\n\n<p style=\"font-size:18px\">Cr\u00e9dits classiques octroy\u00e9s pour des projets pr\u00e9cis, comme l\u2019achat d\u2019\u00e9quipement ou le financement d\u2019une activit\u00e9 g\u00e9n\u00e9ratrice de revenus.<\/p>\n\n\n\n<ul class=\"wp-block-list\">\n<li style=\"font-size:18px\"><strong>Caract\u00e9ristiques<\/strong> : Montant fixe, dur\u00e9e d\u00e9termin\u00e9e, et taux d\u2019int\u00e9r\u00eat comp\u00e9titif.<\/li>\n<\/ul>\n\n\n\n<p style=\"font-size:18px\"><strong>Id\u00e9al pour<\/strong> : Les membres (Personnes physiques ou morale) souhaitant investir dans des projets sp\u00e9cifiques.<\/p>\n","protected":false},"excerpt":{"rendered":"<p>Cr\u00e9dits classiques octroy\u00e9s pour des projets pr\u00e9cis, comme l\u2019achat d\u2019\u00e9quipement ou le financement d\u2019une activit\u00e9 g\u00e9n\u00e9ratrice de revenus. Id\u00e9al pour : Les membres (Personnes physiques ou morale) souhaitant investir dans des projets sp\u00e9cifiques.<\/p>\n","protected":false},"author":1,"featured_media":0,"parent":2382,"menu_order":0,"comment_status":"closed","ping_status":"closed","template":"","meta":{"footnotes":""},"class_list":["post-2779","page","type-page","status-publish","hentry"],"_links":{"self":[{"href":"https:\/\/codec-ouaga.com\/index.php\/wp-json\/wp\/v2\/pages\/2779","targetHints":{"allow":["GET"]}}],"collection":[{"href":"https:\/\/codec-ouaga.com\/index.php\/wp-json\/wp\/v2\/pages"}],"about":[{"href":"https:\/\/codec-ouaga.com\/index.php\/wp-json\/wp\/v2\/types\/page"}],"author":[{"embeddable":true,"href":"https:\/\/codec-ouaga.com\/index.php\/wp-json\/wp\/v2\/users\/1"}],"replies":[{"embeddable":true,"href":"https:\/\/codec-ouaga.com\/index.php\/wp-json\/wp\/v2\/comments?post=2779"}],"version-history":[{"count":0,"href":"https:\/\/codec-ouaga.com\/index.php\/wp-json\/wp\/v2\/pages\/2779\/revisions"}],"up":[{"embeddable":true,"href":"https:\/\/codec-ouaga.com\/index.php\/wp-json\/wp\/v2\/pages\/2382"}],"wp:attachment":[{"href":"https:\/\/codec-ouaga.com\/index.php\/wp-json\/wp\/v2\/media?parent=2779"}],"curies":[{"name":"wp","href":"https:\/\/api.w.org\/{rel}","templated":true}]}}