{"id":2776,"date":"2025-11-18T15:10:25","date_gmt":"2025-11-18T15:10:25","guid":{"rendered":"https:\/\/codec-ouaga.com\/?page_id=2776"},"modified":"2025-12-10T12:33:11","modified_gmt":"2025-12-10T12:33:11","slug":"credits-de-tresorerie-ou-credits-fonds-de-roulement","status":"publish","type":"page","link":"https:\/\/codec-ouaga.com\/index.php\/credit-direct\/credits-de-tresorerie-ou-credits-fonds-de-roulement\/","title":{"rendered":"Cr\u00e9dits de Tr\u00e9sorerie \/ Cr\u00e9dits Fonds de Roulement"},"content":{"rendered":"\n<figure class=\"wp-block-image size-full\"><img loading=\"lazy\" decoding=\"async\" width=\"423\" height=\"265\" src=\"https:\/\/codec-ouaga.com\/wp-content\/uploads\/2025\/12\/c-tre.png\" alt=\"\" class=\"wp-image-4458\" srcset=\"https:\/\/codec-ouaga.com\/wp-content\/uploads\/2025\/12\/c-tre.png 423w, https:\/\/codec-ouaga.com\/wp-content\/uploads\/2025\/12\/c-tre-300x188.png 300w\" sizes=\"auto, (max-width: 423px) 100vw, 423px\" \/><\/figure>\n\n\n\n<p style=\"font-size:18px\">Ces cr\u00e9dits visent \u00e0 couvrir les besoins imm\u00e9diats en liquidit\u00e9s des entreprises pour financer leurs <strong>d\u00e9penses courantes<\/strong> (achat de mati\u00e8res premi\u00e8res, paiement des salaires, r\u00e8glement des factures, etc.).<\/p>\n\n\n\n<ul class=\"wp-block-list\">\n<li style=\"font-size:18px\"><strong>Avantages<\/strong> : Flexibilit\u00e9 et rapidit\u00e9 d\u2019acc\u00e8s aux fonds.<\/li>\n<\/ul>\n\n\n\n<p style=\"font-size:18px\"><strong>Id\u00e9al pour<\/strong> : Les membres (Personnes physiques ou morale) ayant des besoins ponctuels de tr\u00e9sorerie.<\/p>\n","protected":false},"excerpt":{"rendered":"<p>Ces cr\u00e9dits visent \u00e0 couvrir les besoins imm\u00e9diats en liquidit\u00e9s des entreprises pour financer leurs d\u00e9penses courantes (achat de mati\u00e8res premi\u00e8res, paiement des salaires, r\u00e8glement des factures, etc.). Id\u00e9al pour : Les membres (Personnes physiques ou morale) ayant des besoins ponctuels de tr\u00e9sorerie.<\/p>\n","protected":false},"author":1,"featured_media":0,"parent":2382,"menu_order":0,"comment_status":"closed","ping_status":"closed","template":"","meta":{"footnotes":""},"class_list":["post-2776","page","type-page","status-publish","hentry"],"_links":{"self":[{"href":"https:\/\/codec-ouaga.com\/index.php\/wp-json\/wp\/v2\/pages\/2776","targetHints":{"allow":["GET"]}}],"collection":[{"href":"https:\/\/codec-ouaga.com\/index.php\/wp-json\/wp\/v2\/pages"}],"about":[{"href":"https:\/\/codec-ouaga.com\/index.php\/wp-json\/wp\/v2\/types\/page"}],"author":[{"embeddable":true,"href":"https:\/\/codec-ouaga.com\/index.php\/wp-json\/wp\/v2\/users\/1"}],"replies":[{"embeddable":true,"href":"https:\/\/codec-ouaga.com\/index.php\/wp-json\/wp\/v2\/comments?post=2776"}],"version-history":[{"count":0,"href":"https:\/\/codec-ouaga.com\/index.php\/wp-json\/wp\/v2\/pages\/2776\/revisions"}],"up":[{"embeddable":true,"href":"https:\/\/codec-ouaga.com\/index.php\/wp-json\/wp\/v2\/pages\/2382"}],"wp:attachment":[{"href":"https:\/\/codec-ouaga.com\/index.php\/wp-json\/wp\/v2\/media?parent=2776"}],"curies":[{"name":"wp","href":"https:\/\/api.w.org\/{rel}","templated":true}]}}