{"id":2768,"date":"2025-11-18T14:59:32","date_gmt":"2025-11-18T14:59:32","guid":{"rendered":"https:\/\/codec-ouaga.com\/?page_id=2768"},"modified":"2025-11-24T12:38:10","modified_gmt":"2025-11-24T12:38:10","slug":"tontine-codeco-2","status":"publish","type":"page","link":"https:\/\/codec-ouaga.com\/index.php\/epargne\/tontine-codeco-2\/","title":{"rendered":"Tontine CODECO"},"content":{"rendered":"\n<figure class=\"wp-block-image size-full\"><img loading=\"lazy\" decoding=\"async\" width=\"649\" height=\"433\" src=\"https:\/\/codec-ouaga.com\/wp-content\/uploads\/2025\/11\/TONTINE-CODECO.jpg\" alt=\"\" class=\"wp-image-2378\" srcset=\"https:\/\/codec-ouaga.com\/wp-content\/uploads\/2025\/11\/TONTINE-CODECO.jpg 649w, https:\/\/codec-ouaga.com\/wp-content\/uploads\/2025\/11\/TONTINE-CODECO-300x200.jpg 300w\" sizes=\"auto, (max-width: 649px) 100vw, 649px\" \/><\/figure>\n\n\n\n<p style=\"font-size:18px\">La <strong>Tontine CODECO<\/strong> est un produit d\u2019\u00e9pargne innovant et journali\u00e8re, con\u00e7u pour <strong>favoriser la discipline financi\u00e8re et l\u2019acc\u00e8s au cr\u00e9dit<\/strong> \u00e0 travers un m\u00e9canisme simple, flexible et adapt\u00e9 aux r\u00e9alit\u00e9s locales.<\/p>\n\n\n\n<p style=\"font-size:18px\"><strong>Caract\u00e9ristiques :<\/strong><\/p>\n\n\n\n<ul class=\"wp-block-list\">\n<li style=\"font-size:18px\"><strong>\u00c9pargne journali\u00e8re, <\/strong>selon les capacit\u00e9s des membres.<\/li>\n\n\n\n<li style=\"font-size:18px\"><strong>Collecte de proximit\u00e9<\/strong> effectu\u00e9e par des collectrices agr\u00e9\u00e9es de la CODEC-OUAGA.<\/li>\n\n\n\n<li style=\"font-size:18px\"><strong>Acc\u00e8s facilit\u00e9 au cr\u00e9dit<\/strong> apr\u00e8s une p\u00e9riode d\u2019\u00e9pargne r\u00e9guli\u00e8re.<\/li>\n\n\n\n<li style=\"font-size:18px\"><strong>Suivi transparent et s\u00e9curis\u00e9<\/strong> gr\u00e2ce \u00e0 un syst\u00e8me de tra\u00e7abilit\u00e9 interne.<\/li>\n<\/ul>\n\n\n\n<p style=\"font-size:18px\"><strong>Avantages :<\/strong><\/p>\n\n\n\n<ul class=\"wp-block-list\">\n<li style=\"font-size:18px\">Encourage l\u2019<strong>habitude d\u2019\u00e9pargne<\/strong> progressive et r\u00e9guli\u00e8re.<\/li>\n\n\n\n<li style=\"font-size:18px\">Offre une <strong>opportunit\u00e9 d\u2019acc\u00e8s au financement<\/strong> pour les activit\u00e9s g\u00e9n\u00e9ratrices de revenus.<\/li>\n\n\n\n<li style=\"font-size:18px\">Permet de <strong>b\u00e9n\u00e9ficier des services financiers de la CODEC-Ouaga<\/strong> sans se d\u00e9placer jusqu\u2019\u00e0 une agence.<\/li>\n<\/ul>\n\n\n\n<p style=\"font-size:18px\"><strong>Id\u00e9al pour :<\/strong><\/p>\n\n\n\n<p style=\"font-size:18px\">Toutes personnes exer\u00e7ant une activit\u00e9 g\u00e9n\u00e9ratrice de revenus souhaitant \u00e9pargner facilement et acc\u00e9der \u00e0 des cr\u00e9dits adapt\u00e9s \u00e0 leur rythme d\u2019activit\u00e9 avec ou sans garantie.<\/p>\n\n\n\n<p><\/p>\n","protected":false},"excerpt":{"rendered":"<p>La Tontine CODECO est un produit d\u2019\u00e9pargne innovant et journali\u00e8re, con\u00e7u pour favoriser la discipline financi\u00e8re et l\u2019acc\u00e8s au cr\u00e9dit \u00e0 travers un m\u00e9canisme simple, flexible et adapt\u00e9 aux r\u00e9alit\u00e9s locales. Caract\u00e9ristiques : Avantages : Id\u00e9al pour : Toutes personnes exer\u00e7ant une activit\u00e9 g\u00e9n\u00e9ratrice de revenus souhaitant \u00e9pargner facilement et acc\u00e9der \u00e0 des cr\u00e9dits adapt\u00e9s [&hellip;]<\/p>\n","protected":false},"author":1,"featured_media":0,"parent":2330,"menu_order":0,"comment_status":"closed","ping_status":"closed","template":"","meta":{"footnotes":""},"class_list":["post-2768","page","type-page","status-publish","hentry"],"_links":{"self":[{"href":"https:\/\/codec-ouaga.com\/index.php\/wp-json\/wp\/v2\/pages\/2768","targetHints":{"allow":["GET"]}}],"collection":[{"href":"https:\/\/codec-ouaga.com\/index.php\/wp-json\/wp\/v2\/pages"}],"about":[{"href":"https:\/\/codec-ouaga.com\/index.php\/wp-json\/wp\/v2\/types\/page"}],"author":[{"embeddable":true,"href":"https:\/\/codec-ouaga.com\/index.php\/wp-json\/wp\/v2\/users\/1"}],"replies":[{"embeddable":true,"href":"https:\/\/codec-ouaga.com\/index.php\/wp-json\/wp\/v2\/comments?post=2768"}],"version-history":[{"count":0,"href":"https:\/\/codec-ouaga.com\/index.php\/wp-json\/wp\/v2\/pages\/2768\/revisions"}],"up":[{"embeddable":true,"href":"https:\/\/codec-ouaga.com\/index.php\/wp-json\/wp\/v2\/pages\/2330"}],"wp:attachment":[{"href":"https:\/\/codec-ouaga.com\/index.php\/wp-json\/wp\/v2\/media?parent=2768"}],"curies":[{"name":"wp","href":"https:\/\/api.w.org\/{rel}","templated":true}]}}