{"id":2764,"date":"2025-11-18T14:55:23","date_gmt":"2025-11-18T14:55:23","guid":{"rendered":"https:\/\/codec-ouaga.com\/?page_id=2764"},"modified":"2025-11-24T12:40:01","modified_gmt":"2025-11-24T12:40:01","slug":"compte-depots-a-terme-dat-3","status":"publish","type":"page","link":"https:\/\/codec-ouaga.com\/index.php\/epargne\/compte-depots-a-terme-dat-3\/","title":{"rendered":"Compte D\u00e9p\u00f4ts \u00e0 Terme (DAT) \/ Compte Bloqu\u00e9"},"content":{"rendered":"\n<figure class=\"wp-block-image size-full\"><img loading=\"lazy\" decoding=\"async\" width=\"680\" height=\"453\" src=\"https:\/\/codec-ouaga.com\/wp-content\/uploads\/2025\/11\/Compte-Depots-a-Terme-DAT-1.jpg\" alt=\"\" class=\"wp-image-2643\" srcset=\"https:\/\/codec-ouaga.com\/wp-content\/uploads\/2025\/11\/Compte-Depots-a-Terme-DAT-1.jpg 680w, https:\/\/codec-ouaga.com\/wp-content\/uploads\/2025\/11\/Compte-Depots-a-Terme-DAT-1-300x200.jpg 300w\" sizes=\"auto, (max-width: 680px) 100vw, 680px\" \/><\/figure>\n\n\n\n<p style=\"font-size:18px\">Le compte de d\u00e9p\u00f4ts \u00e0 terme (DAT) est une solution d\u2019\u00e9pargne bloqu\u00e9e \u00e0 <strong>rendement fixe garanti<\/strong> sur une p\u00e9riode d\u00e9finie. Il se distingue par :<\/p>\n\n\n\n<ul class=\"wp-block-list\">\n<li style=\"font-size:18px\"><strong>Taux d\u2019int\u00e9r\u00eat attractif<\/strong> : Plus \u00e9lev\u00e9 que celui d\u2019un compte sur livret, en contrepartie d\u2019un blocage des fonds pour une dur\u00e9e convenue.<\/li>\n\n\n\n<li style=\"font-size:18px\"><strong>Dur\u00e9e flexible<\/strong> : De quelques mois \u00e0 plusieurs ann\u00e9es selon vos objectifs financiers.<\/li>\n\n\n\n<li style=\"font-size:18px\"><strong>S\u00e9curit\u00e9 renforc\u00e9e<\/strong> : Vos fonds restent prot\u00e9g\u00e9s tout en g\u00e9n\u00e9rant des revenus s\u00fbrs.<\/li>\n<\/ul>\n","protected":false},"excerpt":{"rendered":"<p>Le compte de d\u00e9p\u00f4ts \u00e0 terme (DAT) est une solution d\u2019\u00e9pargne bloqu\u00e9e \u00e0 rendement fixe garanti sur une p\u00e9riode d\u00e9finie. Il se distingue par :<\/p>\n","protected":false},"author":1,"featured_media":0,"parent":2330,"menu_order":0,"comment_status":"closed","ping_status":"closed","template":"","meta":{"footnotes":""},"class_list":["post-2764","page","type-page","status-publish","hentry"],"_links":{"self":[{"href":"https:\/\/codec-ouaga.com\/index.php\/wp-json\/wp\/v2\/pages\/2764","targetHints":{"allow":["GET"]}}],"collection":[{"href":"https:\/\/codec-ouaga.com\/index.php\/wp-json\/wp\/v2\/pages"}],"about":[{"href":"https:\/\/codec-ouaga.com\/index.php\/wp-json\/wp\/v2\/types\/page"}],"author":[{"embeddable":true,"href":"https:\/\/codec-ouaga.com\/index.php\/wp-json\/wp\/v2\/users\/1"}],"replies":[{"embeddable":true,"href":"https:\/\/codec-ouaga.com\/index.php\/wp-json\/wp\/v2\/comments?post=2764"}],"version-history":[{"count":0,"href":"https:\/\/codec-ouaga.com\/index.php\/wp-json\/wp\/v2\/pages\/2764\/revisions"}],"up":[{"embeddable":true,"href":"https:\/\/codec-ouaga.com\/index.php\/wp-json\/wp\/v2\/pages\/2330"}],"wp:attachment":[{"href":"https:\/\/codec-ouaga.com\/index.php\/wp-json\/wp\/v2\/media?parent=2764"}],"curies":[{"name":"wp","href":"https:\/\/api.w.org\/{rel}","templated":true}]}}