{"id":2760,"date":"2025-11-18T14:51:19","date_gmt":"2025-11-18T14:51:19","guid":{"rendered":"https:\/\/codec-ouaga.com\/?page_id=2760"},"modified":"2025-11-24T12:36:09","modified_gmt":"2025-11-24T12:36:09","slug":"compte-sur-livretepargne-remunere","status":"publish","type":"page","link":"https:\/\/codec-ouaga.com\/index.php\/epargne\/compte-sur-livretepargne-remunere\/","title":{"rendered":"Compte sur livret (Epargne r\u00e9mun\u00e9r\u00e9)"},"content":{"rendered":"\n<figure class=\"wp-block-image size-full\"><img loading=\"lazy\" decoding=\"async\" width=\"411\" height=\"266\" src=\"https:\/\/codec-ouaga.com\/wp-content\/uploads\/2025\/11\/Compte-sur-Livret-Epargne-Remuneree.jpg\" alt=\"\" class=\"wp-image-2370\" srcset=\"https:\/\/codec-ouaga.com\/wp-content\/uploads\/2025\/11\/Compte-sur-Livret-Epargne-Remuneree.jpg 411w, https:\/\/codec-ouaga.com\/wp-content\/uploads\/2025\/11\/Compte-sur-Livret-Epargne-Remuneree-300x194.jpg 300w\" sizes=\"auto, (max-width: 411px) 100vw, 411px\" \/><\/figure>\n\n\n\n<p style=\"font-size:18px\">Le compte sur livret est con\u00e7u pour <strong>\u00e9pargner en toute s\u00e9curit\u00e9 tout en b\u00e9n\u00e9ficiant d\u2019une r\u00e9mun\u00e9ration<\/strong>. Ses principales caract\u00e9ristiques incluent :<\/p>\n\n\n\n<ul class=\"wp-block-list\">\n<li style=\"font-size:18px\"><strong>R\u00e9mun\u00e9ration des d\u00e9p\u00f4ts<\/strong> : Vous recevez des int\u00e9r\u00eats calcul\u00e9s sur la base des montants \u00e9pargn\u00e9s et sur la dur\u00e9e.<\/li>\n\n\n\n<li style=\"font-size:18px\"><strong>Flexibilit\u00e9<\/strong> : Vous pouvez effectuer des versements ou retraits tout en maintenant votre capital disponible.<\/li>\n\n\n\n<li style=\"font-size:18px\"><strong>S\u00e9curit\u00e9<\/strong> : Une option adapt\u00e9e pour mettre de c\u00f4t\u00e9 vos exc\u00e9dents financiers sans risque.<\/li>\n<\/ul>\n\n\n\n<p style=\"font-size:18px\"><strong>Id\u00e9al pour<\/strong> : Les membres qui souhaitent \u00e9pargner progressivement et voir leur argent fructifier.<\/p>\n\n\n\n<p><\/p>\n","protected":false},"excerpt":{"rendered":"<p>Le compte sur livret est con\u00e7u pour \u00e9pargner en toute s\u00e9curit\u00e9 tout en b\u00e9n\u00e9ficiant d\u2019une r\u00e9mun\u00e9ration. Ses principales caract\u00e9ristiques incluent : Id\u00e9al pour : Les membres qui souhaitent \u00e9pargner progressivement et voir leur argent fructifier.<\/p>\n","protected":false},"author":1,"featured_media":0,"parent":2330,"menu_order":0,"comment_status":"closed","ping_status":"closed","template":"","meta":{"footnotes":""},"class_list":["post-2760","page","type-page","status-publish","hentry"],"_links":{"self":[{"href":"https:\/\/codec-ouaga.com\/index.php\/wp-json\/wp\/v2\/pages\/2760","targetHints":{"allow":["GET"]}}],"collection":[{"href":"https:\/\/codec-ouaga.com\/index.php\/wp-json\/wp\/v2\/pages"}],"about":[{"href":"https:\/\/codec-ouaga.com\/index.php\/wp-json\/wp\/v2\/types\/page"}],"author":[{"embeddable":true,"href":"https:\/\/codec-ouaga.com\/index.php\/wp-json\/wp\/v2\/users\/1"}],"replies":[{"embeddable":true,"href":"https:\/\/codec-ouaga.com\/index.php\/wp-json\/wp\/v2\/comments?post=2760"}],"version-history":[{"count":0,"href":"https:\/\/codec-ouaga.com\/index.php\/wp-json\/wp\/v2\/pages\/2760\/revisions"}],"up":[{"embeddable":true,"href":"https:\/\/codec-ouaga.com\/index.php\/wp-json\/wp\/v2\/pages\/2330"}],"wp:attachment":[{"href":"https:\/\/codec-ouaga.com\/index.php\/wp-json\/wp\/v2\/media?parent=2760"}],"curies":[{"name":"wp","href":"https:\/\/api.w.org\/{rel}","templated":true}]}}