{"id":2418,"date":"2025-11-07T17:51:57","date_gmt":"2025-11-07T17:51:57","guid":{"rendered":"https:\/\/codec-ouaga.com\/?page_id=2418"},"modified":"2025-11-24T13:07:48","modified_gmt":"2025-11-24T13:07:48","slug":"engagements-par-signature-cautions","status":"publish","type":"page","link":"https:\/\/codec-ouaga.com\/index.php\/engagements-par-signature-cautions\/","title":{"rendered":"Engagements par signature\/cautions"},"content":{"rendered":"<div class=\"wpb-content-wrapper\"><p>[vc_row][vc_column width=\u00a0\u00bb1\/3&Prime;][vc_empty_space height=\u00a0\u00bb50px\u00a0\u00bb]\n    <div class=\"service-box image-box \">\n        <img loading=\"lazy\" decoding=\"async\" width=\"680\" height=\"453\" src=\"https:\/\/codec-ouaga.com\/wp-content\/uploads\/2025\/11\/2147768593-1.jpg\" class=\"img-responsive\" alt=\"\" srcset=\"https:\/\/codec-ouaga.com\/wp-content\/uploads\/2025\/11\/2147768593-1.jpg 680w, https:\/\/codec-ouaga.com\/wp-content\/uploads\/2025\/11\/2147768593-1-300x200.jpg 300w\" sizes=\"auto, (max-width: 680px) 100vw, 680px\" \/>        <div class=\"content-box\">\n            <h4><a href=\"https:\/\/codec-ouaga.com\/index.php\/engagements-par-signature-cautions\/engagements-par-signature\/\">Engagements par signature<\/a><\/h4>\n            <p><\/p>\n<p style=\"text-align: justify;\"><strong>Id\u00e9al pour<\/strong> : Les membres (Personnes physique ou morale) souhaitant s\u00e9curiser leurs engagements professionnels ou contractuels.<br \/>\n<span style=\"color: #ffffff;\">CODEC-Ouaga<\/span><br \/>\n<span style=\"color: #ffffff;\">CODEC-Ouaga<\/span><br \/>\n<span style=\"color: #ffffff;\">CODEC-Ouaga<\/span><\/p>\n<p><\/p>\n            <a class=\"link-box pagelink\" href=\"https:\/\/codec-ouaga.com\/index.php\/engagements-par-signature-cautions\/engagements-par-signature\/\" target=\"_self\">Lire la suite<\/a>        <\/div>\n    <\/div>\n\n    [vc_empty_space height=\u00a0\u00bb30px\u00a0\u00bb][\/vc_column][vc_column width=\u00a0\u00bb1\/3&Prime;][vc_empty_space height=\u00a0\u00bb50px\u00a0\u00bb]\n    <div class=\"service-box image-box \">\n        <img loading=\"lazy\" decoding=\"async\" width=\"680\" height=\"453\" src=\"https:\/\/codec-ouaga.com\/wp-content\/uploads\/2025\/11\/2148950421-1.jpg\" class=\"img-responsive\" alt=\"\" srcset=\"https:\/\/codec-ouaga.com\/wp-content\/uploads\/2025\/11\/2148950421-1.jpg 680w, https:\/\/codec-ouaga.com\/wp-content\/uploads\/2025\/11\/2148950421-1-300x200.jpg 300w\" sizes=\"auto, (max-width: 680px) 100vw, 680px\" \/>        <div class=\"content-box\">\n            <h4><a href=\"https:\/\/codec-ouaga.com\/index.php\/engagements-par-signature-cautions\/la-caution-de-soumission\/\">Caution de soumission<\/a><\/h4>\n            <p><\/p>\n<p style=\"text-align: justify;\">Cette caution est <strong>obligatoire lors d\u2019un appel<\/strong> <strong>d\u2019offre pour un march\u00e9 public ou priv\u00e9<\/strong> ; et est accompagn\u00e9e le plus souvent d\u2019une attestation de ligne de cr\u00e9dit.<br \/>\n<span style=\"color: #ffffff;\">CODEC-Ouaga<\/span><br \/>\n<span style=\"color: #ffffff;\">CODEC-Ouaga<\/span><\/p>\n            <a class=\"link-box pagelink\" href=\"https:\/\/codec-ouaga.com\/index.php\/engagements-par-signature-cautions\/la-caution-de-soumission\/\" target=\"_self\">Lire la suite<\/a>        <\/div>\n    <\/div>\n\n    [vc_empty_space height=\u00a0\u00bb30px\u00a0\u00bb][\/vc_column][vc_column width=\u00a0\u00bb1\/3&Prime;][vc_empty_space height=\u00a0\u00bb50px\u00a0\u00bb]\n    <div class=\"service-box image-box \">\n        <img loading=\"lazy\" decoding=\"async\" width=\"680\" height=\"453\" src=\"https:\/\/codec-ouaga.com\/wp-content\/uploads\/2025\/11\/2149149722-1.jpg\" class=\"img-responsive\" alt=\"\" srcset=\"https:\/\/codec-ouaga.com\/wp-content\/uploads\/2025\/11\/2149149722-1.jpg 680w, https:\/\/codec-ouaga.com\/wp-content\/uploads\/2025\/11\/2149149722-1-300x200.jpg 300w\" sizes=\"auto, (max-width: 680px) 100vw, 680px\" \/>        <div class=\"content-box\">\n            <h4>Caution d\u2019avance de d\u00e9marrage\/garantie de paiement<\/h4>\n            <p><\/p>\n<p style=\"text-align: justify;\">C\u2019est un document qui atteste, que si le ma\u00eetre d\u2019ouvrage donne une avance sur le montant global du march\u00e9, il sera rembours\u00e9 m\u00eame en cas d\u2019interruption des travaux.<\/p>\n<p><\/p>\n            <a class=\"link-box pagelink\" href=\"https:\/\/codec-ouaga.com\/index.php\/engagements-par-signature-cautions\/la-caution-davance-de-demarrage-garantie-de-paiement\/\" target=\"_self\">Lire la suite<\/a>        <\/div>\n    <\/div>\n\n    [vc_empty_space height=\u00a0\u00bb30px\u00a0\u00bb][\/vc_column][\/vc_row][vc_row][vc_column width=\u00a0\u00bb1\/3&Prime;]\n    <div class=\"service-box image-box \">\n        <img loading=\"lazy\" decoding=\"async\" width=\"680\" height=\"453\" src=\"https:\/\/codec-ouaga.com\/wp-content\/uploads\/2025\/11\/2147919145-1.jpg\" class=\"img-responsive\" alt=\"\" srcset=\"https:\/\/codec-ouaga.com\/wp-content\/uploads\/2025\/11\/2147919145-1.jpg 680w, https:\/\/codec-ouaga.com\/wp-content\/uploads\/2025\/11\/2147919145-1-300x200.jpg 300w\" sizes=\"auto, (max-width: 680px) 100vw, 680px\" \/>        <div class=\"content-box\">\n            <h4><a href=\"https:\/\/codec-ouaga.com\/index.php\/engagements-par-signature-cautions\/la-caution-de-retenue-de-garantie\/\">Caution de retenue de garantie<\/a><\/h4>\n            <p><\/p>\n<p style=\"text-align: justify;\">Apr\u00e8s l\u2019ex\u00e9cution d\u2019un march\u00e9, pendant une p\u00e9riode d\u2019une ann\u00e9e, le ma\u00eetre d\u2019\u0153uvre est tenu pour toutes les irr\u00e9gularit\u00e9s et imperfections constat\u00e9es sur les \u0153uvres.<br \/>\n<span style=\"color: #ffffff;\">CODEC-Ouaga<\/span><\/p>\n            <a class=\"link-box pagelink\" href=\"https:\/\/codec-ouaga.com\/index.php\/engagements-par-signature-cautions\/la-caution-de-retenue-de-garantie\/\" target=\"_self\">Lire la suite<\/a>        <\/div>\n    <\/div>\n\n    [vc_empty_space height=\u00a0\u00bb30px\u00a0\u00bb][\/vc_column][vc_column width=\u00a0\u00bb1\/3&Prime;]\n    <div class=\"service-box image-box \">\n        <img loading=\"lazy\" decoding=\"async\" width=\"680\" height=\"453\" src=\"https:\/\/codec-ouaga.com\/wp-content\/uploads\/2025\/11\/Bonne-fin.jpg\" class=\"img-responsive\" alt=\"\" srcset=\"https:\/\/codec-ouaga.com\/wp-content\/uploads\/2025\/11\/Bonne-fin.jpg 680w, https:\/\/codec-ouaga.com\/wp-content\/uploads\/2025\/11\/Bonne-fin-300x200.jpg 300w\" sizes=\"auto, (max-width: 680px) 100vw, 680px\" \/>        <div class=\"content-box\">\n            <h4><a href=\"https:\/\/codec-ouaga.com\/index.php\/engagements-par-signature-cautions\/la-caution-de-bonne-fin-dexecution\/\">Caution d\u2019ex\u00e9cution de bonne fin<\/a><\/h4>\n            <p><\/p>\n<p style=\"text-align: justify;\">C\u2019est une caution garantissant au donneur d\u2019ordre qu\u2019il encaissera un pourcentage du prix du march\u00e9 en cas de non-ex\u00e9cution du contrat par le ma\u00eetre d\u2019\u0153uvre.<br \/>\n<span style=\"color: #ffffff;\">CODEC-Ouaga<\/span><\/p>\n            <a class=\"link-box pagelink\" href=\"https:\/\/codec-ouaga.com\/index.php\/engagements-par-signature-cautions\/la-caution-de-bonne-fin-dexecution\/\" target=\"_self\">Lire la suite<\/a>        <\/div>\n    <\/div>\n\n    [vc_empty_space height=\u00a0\u00bb30px\u00a0\u00bb][\/vc_column][vc_column width=\u00a0\u00bb1\/3&Prime;]\n    <div class=\"service-box image-box \">\n        <img loading=\"lazy\" decoding=\"async\" width=\"680\" height=\"453\" src=\"https:\/\/codec-ouaga.com\/wp-content\/uploads\/2025\/11\/75330.jpg\" class=\"img-responsive\" alt=\"\" srcset=\"https:\/\/codec-ouaga.com\/wp-content\/uploads\/2025\/11\/75330.jpg 680w, https:\/\/codec-ouaga.com\/wp-content\/uploads\/2025\/11\/75330-300x200.jpg 300w\" sizes=\"auto, (max-width: 680px) 100vw, 680px\" \/>        <div class=\"content-box\">\n            <h4><a href=\"https:\/\/codec-ouaga.com\/index.php\/engagements-par-signature-cautions\/lattestation-de-ligne-de-credit\/\">Attestation de ligne de cr\u00e9dit<\/a><\/h4>\n            <p>Elle peut \u00eatre r\u00e9clam\u00e9e par l\u2019administration publique ou priv\u00e9e dans le cadre des march\u00e9s en vue d\u2019assurer le ma\u00eetre d\u2019ouvrage que l\u2019\u00e9ventuel attributaire de march\u00e9 pourra \u00eatre accompagn\u00e9 par sa structure financi\u00e8re.<\/p>\n            <a class=\"link-box pagelink\" href=\"https:\/\/codec-ouaga.com\/index.php\/engagements-par-signature-cautions\/lattestation-de-ligne-de-credit\/\" target=\"_self\">Lire la suite<\/a>        <\/div>\n    <\/div>\n\n    [vc_empty_space height=\u00a0\u00bb30px\u00a0\u00bb][\/vc_column][\/vc_row][vc_row][vc_column width=\u00a0\u00bb1\/3&Prime;]\n    <div class=\"service-box image-box \">\n        <img loading=\"lazy\" decoding=\"async\" width=\"680\" height=\"453\" src=\"https:\/\/codec-ouaga.com\/wp-content\/uploads\/2025\/11\/patient-recevant-un-document-medical.jpg\" class=\"img-responsive\" alt=\"\" srcset=\"https:\/\/codec-ouaga.com\/wp-content\/uploads\/2025\/11\/patient-recevant-un-document-medical.jpg 680w, https:\/\/codec-ouaga.com\/wp-content\/uploads\/2025\/11\/patient-recevant-un-document-medical-300x200.jpg 300w\" sizes=\"auto, (max-width: 680px) 100vw, 680px\" \/>        <div class=\"content-box\">\n            <h4><a href=\"https:\/\/codec-ouaga.com\/index.php\/engagements-par-signature-cautions\/lattestation-de-capacite-financiere\/\">Attestation de capacit\u00e9 financi\u00e8re<\/a><\/h4>\n            <p><\/p>\n<p style=\"text-align: justify;\">Elle vise \u00e0 appr\u00e9cier la capacit\u00e9 d\u2019un agent \u00e9conomique \u00e0 faire face \u00e0 un certain nombre d\u2019engagements financiers actuels ou \u00e0 venir.<br \/>\n<span style=\"color: #ffffff;\">CODEC-Ouaga<\/span><\/p>\n            <a class=\"link-box pagelink\" href=\"https:\/\/codec-ouaga.com\/index.php\/engagements-par-signature-cautions\/lattestation-de-capacite-financiere\/\" target=\"_self\">Lire la suite<\/a>        <\/div>\n    <\/div>\n\n    [vc_empty_space height=\u00a0\u00bb30px\u00a0\u00bb][\/vc_column][vc_column width=\u00a0\u00bb1\/3&Prime;][\/vc_column][vc_column width=\u00a0\u00bb1\/3&Prime;][vc_empty_space height=\u00a0\u00bb30px\u00a0\u00bb][\/vc_column][\/vc_row]<\/p>\n<\/div>","protected":false},"excerpt":{"rendered":"<p>[vc_row][vc_column width=\u00a0\u00bb1\/3&Prime;][vc_empty_space height=\u00a0\u00bb50px\u00a0\u00bb][vc_empty_space height=\u00a0\u00bb30px\u00a0\u00bb][\/vc_column][vc_column width=\u00a0\u00bb1\/3&Prime;][vc_empty_space height=\u00a0\u00bb50px\u00a0\u00bb][vc_empty_space height=\u00a0\u00bb30px\u00a0\u00bb][\/vc_column][vc_column width=\u00a0\u00bb1\/3&Prime;][vc_empty_space height=\u00a0\u00bb50px\u00a0\u00bb][vc_empty_space height=\u00a0\u00bb30px\u00a0\u00bb][\/vc_column][\/vc_row][vc_row][vc_column width=\u00a0\u00bb1\/3&Prime;][vc_empty_space height=\u00a0\u00bb30px\u00a0\u00bb][\/vc_column][vc_column width=\u00a0\u00bb1\/3&Prime;][vc_empty_space height=\u00a0\u00bb30px\u00a0\u00bb][\/vc_column][vc_column width=\u00a0\u00bb1\/3&Prime;][vc_empty_space height=\u00a0\u00bb30px\u00a0\u00bb][\/vc_column][\/vc_row][vc_row][vc_column width=\u00a0\u00bb1\/3&Prime;][vc_empty_space height=\u00a0\u00bb30px\u00a0\u00bb][\/vc_column][vc_column width=\u00a0\u00bb1\/3&Prime;][\/vc_column][vc_column width=\u00a0\u00bb1\/3&Prime;][vc_empty_space height=\u00a0\u00bb30px\u00a0\u00bb][\/vc_column][\/vc_row]<\/p>\n","protected":false},"author":1,"featured_media":0,"parent":0,"menu_order":0,"comment_status":"closed","ping_status":"closed","template":"","meta":{"footnotes":""},"class_list":["post-2418","page","type-page","status-publish","hentry"],"_links":{"self":[{"href":"https:\/\/codec-ouaga.com\/index.php\/wp-json\/wp\/v2\/pages\/2418","targetHints":{"allow":["GET"]}}],"collection":[{"href":"https:\/\/codec-ouaga.com\/index.php\/wp-json\/wp\/v2\/pages"}],"about":[{"href":"https:\/\/codec-ouaga.com\/index.php\/wp-json\/wp\/v2\/types\/page"}],"author":[{"embeddable":true,"href":"https:\/\/codec-ouaga.com\/index.php\/wp-json\/wp\/v2\/users\/1"}],"replies":[{"embeddable":true,"href":"https:\/\/codec-ouaga.com\/index.php\/wp-json\/wp\/v2\/comments?post=2418"}],"version-history":[{"count":0,"href":"https:\/\/codec-ouaga.com\/index.php\/wp-json\/wp\/v2\/pages\/2418\/revisions"}],"wp:attachment":[{"href":"https:\/\/codec-ouaga.com\/index.php\/wp-json\/wp\/v2\/media?parent=2418"}],"curies":[{"name":"wp","href":"https:\/\/api.w.org\/{rel}","templated":true}]}}