{"id":2330,"date":"2025-11-07T13:39:48","date_gmt":"2025-11-07T13:39:48","guid":{"rendered":"https:\/\/codec-ouaga.com\/?page_id=2330"},"modified":"2025-11-24T12:43:53","modified_gmt":"2025-11-24T12:43:53","slug":"epargne","status":"publish","type":"page","link":"https:\/\/codec-ouaga.com\/index.php\/epargne\/","title":{"rendered":"Epargne"},"content":{"rendered":"<div class=\"wpb-content-wrapper\"><p>[vc_row][vc_column width=\u00a0\u00bb1\/3&Prime;][vc_empty_space height=\u00a0\u00bb50px\u00a0\u00bb]\n    <div class=\"service-box image-box \">\n        <img loading=\"lazy\" decoding=\"async\" width=\"680\" height=\"453\" src=\"https:\/\/codec-ouaga.com\/wp-content\/uploads\/2025\/11\/Compte-Courant-Depot-a-Vue-1.jpg\" class=\"img-responsive\" alt=\"\" srcset=\"https:\/\/codec-ouaga.com\/wp-content\/uploads\/2025\/11\/Compte-Courant-Depot-a-Vue-1.jpg 680w, https:\/\/codec-ouaga.com\/wp-content\/uploads\/2025\/11\/Compte-Courant-Depot-a-Vue-1-300x200.jpg 300w\" sizes=\"auto, (max-width: 680px) 100vw, 680px\" \/>        <div class=\"content-box\">\n            <h4><a href=\"https:\/\/codec-ouaga.com\/index.php\/epargne\/compte-courant-depot-a-vue-3\/\">Compte courant (D\u00e9p\u00f4t \u00e0 vue)<\/a><\/h4>\n            <p><\/p>\n<p style=\"text-align: justify;\"><strong>Id\u00e9al pour<\/strong> : Les membres qui ont besoin d\u2019un acc\u00e8s rapide et constant \u00e0 leurs fonds pour leurs op\u00e9rations quotidiennes.<br \/>\n<span style=\"color: #ffffff;\">CODEC-Ouaga<\/span<\/span><\/p>\n<p><\/p>\n            <a class=\"link-box pagelink\" href=\"https:\/\/codec-ouaga.com\/index.php\/epargne\/compte-courant-depot-a-vue-3\/\" target=\"_self\">Lire la suite<\/a>        <\/div>\n    <\/div>\n\n    [vc_empty_space height=\u00a0\u00bb30px\u00a0\u00bb][\/vc_column][vc_column width=\u00a0\u00bb1\/3&Prime;][vc_empty_space height=\u00a0\u00bb50px\u00a0\u00bb]\n    <div class=\"service-box image-box \">\n        <img loading=\"lazy\" decoding=\"async\" width=\"680\" height=\"453\" src=\"https:\/\/codec-ouaga.com\/wp-content\/uploads\/2025\/11\/Compte-sur-Livret-Epargne-Remuneree-1.jpg\" class=\"img-responsive\" alt=\"\" srcset=\"https:\/\/codec-ouaga.com\/wp-content\/uploads\/2025\/11\/Compte-sur-Livret-Epargne-Remuneree-1.jpg 680w, https:\/\/codec-ouaga.com\/wp-content\/uploads\/2025\/11\/Compte-sur-Livret-Epargne-Remuneree-1-300x200.jpg 300w\" sizes=\"auto, (max-width: 680px) 100vw, 680px\" \/>        <div class=\"content-box\">\n            <h4>Compte sur Livret (\u00c9pargne R\u00e9mun\u00e9r\u00e9e)<\/h4>\n            <p><\/p>\n<p style=\"text-align: justify;\"><strong>Id\u00e9al pour<\/strong> : Les membres qui souhaitent \u00e9pargner progressivement et voir leur argent fructifier.<br \/>\n<span style=\"color: #ffffff;\">CODEC-Ouaga<\/span<\/span><\/p>\n<p><\/p>\n            <a class=\"link-box pagelink\" href=\"https:\/\/codec-ouaga.com\/index.php\/epargne\/compte-sur-livretepargne-remunere\/\" target=\"_self\">Lire la suite<\/a>        <\/div>\n    <\/div>\n\n    [vc_empty_space height=\u00a0\u00bb30px\u00a0\u00bb][\/vc_column][vc_column width=\u00a0\u00bb1\/3&Prime;][vc_empty_space height=\u00a0\u00bb50px\u00a0\u00bb]\n    <div class=\"service-box image-box \">\n        <img loading=\"lazy\" decoding=\"async\" width=\"649\" height=\"433\" src=\"https:\/\/codec-ouaga.com\/wp-content\/uploads\/2025\/11\/TONTINE-CODECO.jpg\" class=\"img-responsive\" alt=\"\" srcset=\"https:\/\/codec-ouaga.com\/wp-content\/uploads\/2025\/11\/TONTINE-CODECO.jpg 649w, https:\/\/codec-ouaga.com\/wp-content\/uploads\/2025\/11\/TONTINE-CODECO-300x200.jpg 300w\" sizes=\"auto, (max-width: 649px) 100vw, 649px\" \/>        <div class=\"content-box\">\n            <h4><a href=\"https:\/\/codec-ouaga.com\/index.php\/epargne\/tontine-codeco-2\/\">TONTINE CODECO<\/a><\/h4>\n            <p><\/p>\n<p style=\"text-align: justify;\"><strong>Id\u00e9al pour<\/strong> : Toutes personnes exer\u00e7ant une activit\u00e9 g\u00e9n\u00e9ratrice de revenus souhaitant \u00e9pargner facilement et acc\u00e9der \u00e0 des cr\u00e9dits adapt\u00e9s \u00e0 leur rythme d\u2019activit\u00e9 avec ou sans garantie.<\/p>\n<p><\/p>\n            <a class=\"link-box pagelink\" href=\"https:\/\/codec-ouaga.com\/index.php\/epargne\/tontine-codeco-2\/\" target=\"_self\">Lire la suite<\/a>        <\/div>\n    <\/div>\n\n    [vc_empty_space height=\u00a0\u00bb30px\u00a0\u00bb][\/vc_column][\/vc_row][vc_row][vc_column width=\u00a0\u00bb1\/3&Prime;]\n    <div class=\"service-box image-box \">\n        <img loading=\"lazy\" decoding=\"async\" width=\"680\" height=\"453\" src=\"https:\/\/codec-ouaga.com\/wp-content\/uploads\/2025\/11\/Compte-Depots-a-Terme-DAT-1.jpg\" class=\"img-responsive\" alt=\"\" srcset=\"https:\/\/codec-ouaga.com\/wp-content\/uploads\/2025\/11\/Compte-Depots-a-Terme-DAT-1.jpg 680w, https:\/\/codec-ouaga.com\/wp-content\/uploads\/2025\/11\/Compte-Depots-a-Terme-DAT-1-300x200.jpg 300w\" sizes=\"auto, (max-width: 680px) 100vw, 680px\" \/>        <div class=\"content-box\">\n            <h4>Compte D\u00e9p\u00f4ts \u00e0 Terme (DAT) \/ Compte Bloqu\u00e9 <\/h4>\n            <p><\/p>\n<p style=\"text-align: justify;\"><strong>Id\u00e9al pour<\/strong> : Les \u00e9pargnants ayant une capacit\u00e9 d\u2019immobilisation de fonds pour maximiser leurs gains.<br \/>\n<span style=\"color: #ffffff;\">CODEC-Ouaga<\/span<\/span><\/p>\n<p><\/p>\n            <a class=\"link-box pagelink\" href=\"https:\/\/codec-ouaga.com\/index.php\/epargne\/compte-depots-a-terme-dat-3\/\" target=\"_self\">Lire la suite<\/a>        <\/div>\n    <\/div>\n\n    [vc_empty_space height=\u00a0\u00bb30px\u00a0\u00bb][\/vc_column][vc_column width=\u00a0\u00bb1\/3&Prime;][\/vc_column][vc_column width=\u00a0\u00bb1\/3&Prime;][\/vc_column][\/vc_row][vc_row][vc_column]\n    <div class=\"section-head text-align: center;\">\n                <h2 class=\"section-title\">Les conditions d\u2019ouverture de compte<\/h2>\n            <\/div>\n\n[\/vc_column][\/vc_row][vc_row][vc_column][vc_tta_accordion style=\u00a0\u00bbmodern\u00a0\u00bb color=\u00a0\u00bborange\u00a0\u00bb spacing=\u00a0\u00bb4&Prime; c_icon=\u00a0\u00bbtriangle\u00a0\u00bb active_section=\u00a0\u00bb\u00a0\u00bb css_animation=\u00a0\u00bbnone\u00a0\u00bb collapsible_all=\u00a0\u00bbtrue\u00a0\u00bb][vc_tta_section i_icon_fontawesome=\u00a0\u00bbfas fa-users-cog\u00a0\u00bb add_icon=\u00a0\u00bbtrue\u00a0\u00bb title=\u00a0\u00bbCONDITION D\u2019AGE\u00a0\u00bb tab_id=\u00a0\u00bb1763567756413-5dfe2bb7-5dc3&Prime;][vc_column_text css=\u00a0\u00bb\u00a0\u00bb]<\/p>\n<div style=\"text-align: justify; font-size: 18px;\">\nAvoir au moins 18 ans accomplis.<\/div>\n<p>[\/vc_column_text][\/vc_tta_section][vc_tta_section i_icon_fontawesome=\u00a0\u00bbfas fa-university\u00a0\u00bb add_icon=\u00a0\u00bbtrue\u00a0\u00bb title=\u00a0\u00bbFRAIS D\u2019OUVERTURE\u00a0\u00bb tab_id=\u00a0\u00bb1763567756413-5ca65dae-118f\u00a0\u00bb][vc_column_text css=\u00a0\u00bb\u00a0\u00bb]<\/p>\n<div style=\"text-align: justify; font-size: 18px;\">\n<p><strong><u>COMPTE COURANT :<\/u>\u00a0 <\/strong><\/p>\n<p><strong>Part sociale :<\/strong> 10.000 F<\/p>\n<p><strong>Frais d\u2019adh\u00e9sion :<\/strong> 1.000 F<\/p>\n<p><strong>D\u00e9p\u00f4t minimal :<\/strong> 3.000 F<\/p>\n<p>&nbsp;<\/p>\n<p><strong><u>COMPTE EPARGNE REMUNERE :<\/u>\u00a0 <\/strong><\/p>\n<p><strong>Part sociale :<\/strong> 10.000 F<\/p>\n<p><strong>Frais d\u2019adh\u00e9sion :<\/strong> 1.000 F<\/p>\n<p><strong>D\u00e9p\u00f4t minimal :<\/strong> 5.000 F<\/p>\n<\/div>\n<p>[\/vc_column_text][vc_column_text css=\u00a0\u00bb\u00a0\u00bb][\/vc_column_text][\/vc_tta_section][vc_tta_section i_icon_fontawesome=\u00a0\u00bbfas fa-folder-open\u00a0\u00bb add_icon=\u00a0\u00bbtrue\u00a0\u00bb title=\u00a0\u00bbDOCUMENT A FOURNIR\u00a0\u00bb tab_id=\u00a0\u00bb1763569438381-74fc6062-b4dc\u00a0\u00bb][vc_column_text css=\u00a0\u00bb\u00a0\u00bb]<\/p>\n<div style=\"text-align: justify; font-size: 18px;\">\n<h4>COMPTE PERSONNE PHYSIQUE N\u2019AYANT PAS LA QUALITE D\u2019ENTREPRISE INDIVIDUELLE<\/h4>\n<ul>\n<li>Pi\u00e8ce d\u2019identit\u00e9 valide<\/li>\n<li>Deux (02) photos d\u2019identit\u00e9 r\u00e9centes<\/li>\n<li>Justificatif du lieu de r\u00e9sidence dat\u00e9 de moins de trois mois<\/li>\n<li>Justificatif d\u2019activit\u00e9s ou de sources de revenus (pour les salari\u00e9s)<\/li>\n<\/ul>\n<h4>COMPTES D\u2019EPARGNE POUR MINEUR<\/h4>\n<ul>\n<li>Pi\u00e8ce d\u2019identit\u00e9 valide du parent ou du tuteur l\u00e9gal<\/li>\n<li>Deux (02) photos d\u2019identit\u00e9 r\u00e9centes du parent ou du tuteur l\u00e9gal<\/li>\n<li>Deux (02) photos d\u2019identit\u00e9 r\u00e9centes du mineur<\/li>\n<li>Un extrait de naissance du mineur<\/li>\n<li>Justificatif du lieu de r\u00e9sidence dat\u00e9 de moins de trois mois<\/li>\n<li>La preuve du tutorat (ordonnance de tutelle)<\/li>\n<\/ul>\n<h4>COMPTE ETABLISSEMENT SCOLAIRE\/INSTITUT SUPERIEUR<\/h4>\n<ul>\n<li>Une copie l\u00e9galis\u00e9e de l\u2019arr\u00eat\u00e9 portant ouverture de l\u2019\u00e9tablissement \/ l\u2019institut<\/li>\n<li>L\u2019agr\u00e9ment de l\u2019\u00e9tablissement \/ l\u2019institut<\/li>\n<li>La pi\u00e8ce d\u2019identit\u00e9 des signataires + celle du fondateur \/ pr\u00e9sident<\/li>\n<li>Deux (02) photos d\u2019identit\u00e9 r\u00e9centes par signataire<\/li>\n<li>Adresse postale et g\u00e9ographique<\/li>\n<\/ul>\n<h4><strong>COMPTE POUR MOUVEMENT \/ GROUPE DE SPIRITUALITE \/ ENTITE D\u2019OBEDIENCE \u00a0\u00a0\u00a0\u00a0\u00a0\u00a0\u00a0\u00a0\u00a0\u00a0\u00a0 RELIGIEUSE (CCB \/ PAROISSE \/ DIOCESE\u00a0 \/ CONGREGATION RELIGIEUSE \/ TEMPLE \/ MOSQUEE)<\/strong><\/h4>\n<ul>\n<li>Le justificatif de cr\u00e9ation (pour les paroisses, dioc\u00e8ses)<\/li>\n<li>Le justificatif de l\u2019autorisation de la hi\u00e9rarchie, pour l\u2019ouverture du compte (pour les CCB, Coordinations, Paroisses, Dioc\u00e8ses, Congr\u00e9gations religieuses)<\/li>\n<li>La liste nominative des membres du comit\u00e9 de gestion<\/li>\n<li>Proc\u00e8s-verbal de l\u2019Assembl\u00e9e G\u00e9n\u00e9rale ayant d\u00e9sign\u00e9 les mandataires<\/li>\n<li>Copie des pi\u00e8ces d\u2019identit\u00e9 des signataires<\/li>\n<li>Deux (02) photos d\u2019identit\u00e9 r\u00e9centes, par signataire<\/li>\n<li>Justificatif du lieu de l\u2019activit\u00e9 ou du lieu de r\u00e9sidence (dat\u00e9 de moins de trois mois) de chaque signataire<\/li>\n<\/ul>\n<h4>COMPTE ASSOCIATION \/ PROJET \/ ONG<\/h4>\n<ul>\n<li>Statuts et R\u00e8glement int\u00e9rieur l\u00e9galis\u00e9s<\/li>\n<li>Copie l\u00e9galis\u00e9e du r\u00e9c\u00e9piss\u00e9 valide<\/li>\n<li>Attestation d\u2019inscription sur le registre des OBNL<\/li>\n<li>Le justificatif de l\u2019autorisation administrative, pour les activit\u00e9s dont l\u2019exercice est soumis \u00e0 l\u2019obtention d\u2019un agr\u00e9ment<\/li>\n<li>Proc\u00e8s-verbal de l\u2019Assembl\u00e9e G\u00e9n\u00e9rale ayant d\u00e9sign\u00e9 les mandataires<\/li>\n<li>Copie des pi\u00e8ces d\u2019identit\u00e9 des signataires<\/li>\n<li>Deux (02) photos d\u2019identit\u00e9 r\u00e9cente par signataire<\/li>\n<li>Justificatif du lieu de l\u2019activit\u00e9<\/li>\n<\/ul>\n<h4>COMPTE POUR ETABLISSEMENT \/ ENTREPRISE INDIVIDUELLE(act. commerciale \/ artisanale \/ industrielle \/ lib\u00e9rale ; sans associ\u00e9)<\/h4>\n<ul>\n<li>Un extrait (avec signature en original) du RCCM, ou l\u2019autorisation d\u2019exercer la profession (pour les professions lib\u00e9rales)<\/li>\n<li>Deux (02) photos d\u2019identit\u00e9 r\u00e9centes<\/li>\n<li>La copie de la pi\u00e8ce d\u2019identit\u00e9<\/li>\n<li>Un justificatif du lieu d\u2019activit\u00e9, dat\u00e9 de moins de trois (03) mois<\/li>\n<li>Les justificatifs des autorisations administratives obtenues pour les activit\u00e9s soumises \u00e0 agr\u00e9ment et\/ou autorisation d\u2019ouverture<\/li>\n<\/ul>\n<h4>COMPTE SOCIETE D\u2019ETAT \/ ETABLISSEMENT PUBLIC<\/h4>\n<ul>\n<li>Statuts sign\u00e9s par les personnes habilit\u00e9es<\/li>\n<li>D\u00e9cret de nomination du Directeur G\u00e9n\u00e9ral<\/li>\n<li>Procuration en faveur d\u2019autres mandataires (s\u2019il y en a)<\/li>\n<li>L\u2019autorisation du minist\u00e8re en charge des finances, pour l\u2019ouverture du compte<\/li>\n<li>Copie de la pi\u00e8ce d\u2019identit\u00e9 des signataires<\/li>\n<li>Deux (02) deux photos d\u2019identit\u00e9 r\u00e9centes par signataire<\/li>\n<\/ul>\n<h4>COMPTE SOCIETE (SARL \/ SA \/ SOCIETES COOPERATIVES)<\/h4>\n<ul>\n<li>La fiche d\u2019adh\u00e9sion sign\u00e9e par le pr\u00e9sident de l\u2019organe d\u00e9lib\u00e9rant ou le Directeur G\u00e9n\u00e9ral<\/li>\n<li>Le formulaire de sp\u00e9cimen de signatures (sign\u00e9 par la personne habilit\u00e9e, avec le cachet de l\u2019entreprise), comportant les sp\u00e9cimens de signature des personnes autoris\u00e9es \u00e0 signer sur le compte<\/li>\n<li>Copie des statuts sign\u00e9s par les personnes habilit\u00e9es<\/li>\n<li>Extrait du RCCM dat\u00e9 de moins de trois (03) mois, ou l\u2019attestation d\u2019immatriculation au registre des soci\u00e9t\u00e9s coop\u00e9ratives<\/li>\n<li>Copie du num\u00e9ro IFU<\/li>\n<li>Liste des principaux associ\u00e9s qui d\u00e9tiennent au moins 25% du capital social (au cas o\u00f9 cette liste n\u2019est pas fournie dans les documents de l\u2019entreprise) : liste sign\u00e9e par la personne habilit\u00e9e<\/li>\n<li>Les justificatifs des autorisations administratives obtenues pour les activit\u00e9s soumises \u00e0 agr\u00e9ment et\/ou autorisation d\u2019ouverture<\/li>\n<li>Justificatif de la nomination du Directeur G\u00e9n\u00e9ral<\/li>\n<li>Un document certifi\u00e9, justifiant de la qualit\u00e9 de repr\u00e9sentants du mandant, pour les mandataires<\/li>\n<li>Le justificatif du lieu de l\u2019activit\u00e9, dat\u00e9 de moins de trois (03) mois<\/li>\n<li>Copie de la pi\u00e8ce d\u2019identit\u00e9 des signataires Deux (02) photos d\u2019identit\u00e9 r\u00e9centes par signataire.<\/li>\n<\/ul>\n<\/div>\n<p>[\/vc_column_text][\/vc_tta_section][\/vc_tta_accordion][\/vc_column][\/vc_row]<\/p>\n<\/div>","protected":false},"excerpt":{"rendered":"<p>[vc_row][vc_column width=\u00a0\u00bb1\/3&Prime;][vc_empty_space height=\u00a0\u00bb50px\u00a0\u00bb][vc_empty_space height=\u00a0\u00bb30px\u00a0\u00bb][\/vc_column][vc_column width=\u00a0\u00bb1\/3&Prime;][vc_empty_space height=\u00a0\u00bb50px\u00a0\u00bb][vc_empty_space height=\u00a0\u00bb30px\u00a0\u00bb][\/vc_column][vc_column width=\u00a0\u00bb1\/3&Prime;][vc_empty_space height=\u00a0\u00bb50px\u00a0\u00bb][vc_empty_space height=\u00a0\u00bb30px\u00a0\u00bb][\/vc_column][\/vc_row][vc_row][vc_column width=\u00a0\u00bb1\/3&Prime;][vc_empty_space height=\u00a0\u00bb30px\u00a0\u00bb][\/vc_column][vc_column width=\u00a0\u00bb1\/3&Prime;][\/vc_column][vc_column width=\u00a0\u00bb1\/3&Prime;][\/vc_column][\/vc_row][vc_row][vc_column][\/vc_column][\/vc_row][vc_row][vc_column][vc_tta_accordion style=\u00a0\u00bbmodern\u00a0\u00bb color=\u00a0\u00bborange\u00a0\u00bb spacing=\u00a0\u00bb4&Prime; c_icon=\u00a0\u00bbtriangle\u00a0\u00bb active_section=\u00a0\u00bb\u00a0\u00bb css_animation=\u00a0\u00bbnone\u00a0\u00bb collapsible_all=\u00a0\u00bbtrue\u00a0\u00bb][vc_tta_section i_icon_fontawesome=\u00a0\u00bbfas fa-users-cog\u00a0\u00bb add_icon=\u00a0\u00bbtrue\u00a0\u00bb title=\u00a0\u00bbCONDITION D\u2019AGE\u00a0\u00bb tab_id=\u00a0\u00bb1763567756413-5dfe2bb7-5dc3&Prime;][vc_column_text css=\u00a0\u00bb\u00a0\u00bb] Avoir au moins 18 ans accomplis. [\/vc_column_text][\/vc_tta_section][vc_tta_section i_icon_fontawesome=\u00a0\u00bbfas fa-university\u00a0\u00bb add_icon=\u00a0\u00bbtrue\u00a0\u00bb title=\u00a0\u00bbFRAIS D\u2019OUVERTURE\u00a0\u00bb tab_id=\u00a0\u00bb1763567756413-5ca65dae-118f\u00a0\u00bb][vc_column_text css=\u00a0\u00bb\u00a0\u00bb] COMPTE COURANT :\u00a0 Part sociale : 10.000 F Frais d\u2019adh\u00e9sion : 1.000 F [&hellip;]<\/p>\n","protected":false},"author":1,"featured_media":0,"parent":0,"menu_order":0,"comment_status":"closed","ping_status":"closed","template":"","meta":{"footnotes":""},"class_list":["post-2330","page","type-page","status-publish","hentry"],"_links":{"self":[{"href":"https:\/\/codec-ouaga.com\/index.php\/wp-json\/wp\/v2\/pages\/2330","targetHints":{"allow":["GET"]}}],"collection":[{"href":"https:\/\/codec-ouaga.com\/index.php\/wp-json\/wp\/v2\/pages"}],"about":[{"href":"https:\/\/codec-ouaga.com\/index.php\/wp-json\/wp\/v2\/types\/page"}],"author":[{"embeddable":true,"href":"https:\/\/codec-ouaga.com\/index.php\/wp-json\/wp\/v2\/users\/1"}],"replies":[{"embeddable":true,"href":"https:\/\/codec-ouaga.com\/index.php\/wp-json\/wp\/v2\/comments?post=2330"}],"version-history":[{"count":0,"href":"https:\/\/codec-ouaga.com\/index.php\/wp-json\/wp\/v2\/pages\/2330\/revisions"}],"wp:attachment":[{"href":"https:\/\/codec-ouaga.com\/index.php\/wp-json\/wp\/v2\/media?parent=2330"}],"curies":[{"name":"wp","href":"https:\/\/api.w.org\/{rel}","templated":true}]}}