{"id":1327,"date":"2019-03-25T10:07:12","date_gmt":"2019-03-25T10:07:12","guid":{"rendered":"http:\/\/localhost\/consultax\/?page_id=1327"},"modified":"2025-11-26T16:01:18","modified_gmt":"2025-11-26T16:01:18","slug":"service-financiers","status":"publish","type":"page","link":"https:\/\/codec-ouaga.com\/index.php\/service-financiers\/","title":{"rendered":"Services financiers"},"content":{"rendered":"<div class=\"wpb-content-wrapper\"><p>[vc_row equal_height=\u00a0\u00bbyes\u00a0\u00bb][vc_column width=\u00a0\u00bb1\/3&Prime; offset=\u00a0\u00bbvc_col-md-4&Prime;][vc_empty_space height=\u00a0\u00bb50px\u00a0\u00bb]\n        <div class=\"service-box icon-box  ionic  hover-box\">\n                <i class=\"ion-md-umbrella ion-logo-umbrella\"><\/i>                <div class=\"content-box\">\n            <h4>Assurance vie<\/h4>\n            <p><strong>Id\u00e9al pour : <\/strong>Tous les emprunteurs, qu\u2019il s\u2019agisse de particuliers ou d\u2019entreprises, souhaitant se prot\u00e9ger contre les al\u00e9as de la vie tout en garantissant le remboursement de leurs pr\u00eats.<\/p>\n            <a class=\"link-box pagelink\" href=\"https:\/\/codec-ouaga.com\/index.php\/service-financiers\/assurance-vie\/\" target=\"_self\">Lire la suite<\/a>        <\/div>\n    <\/div>\n    \n    [\/vc_column][vc_column width=\u00a0\u00bb1\/3&Prime; offset=\u00a0\u00bbvc_col-md-4&Prime;][vc_empty_space height=\u00a0\u00bb50px\u00a0\u00bb]\n        <div class=\"service-box icon-box  ionic  hover-box\">\n                <i class=\"ion-md-cube ion-logo-cube\"><\/i>                <div class=\"content-box\">\n            <h4>Micro-Assurance<\/h4>\n            <p><strong>Id\u00e9al pour<\/strong> : Les individus ou groupes \u00e0 faibles revenus souhaitant se pr\u00e9munir contre les risques du quotidien.<\/p>\n<div class=\"espace-invisible\" style=\"height: 22px; visibility: hidden;\"><\/div>\n<p><\/p>\n            <a class=\"link-box pagelink\" href=\"https:\/\/codec-ouaga.com\/index.php\/service-financiers\/micro-assurance\/\" target=\"_self\">Lire la suite<\/a>        <\/div>\n    <\/div>\n    \n    [\/vc_column][vc_column width=\u00a0\u00bb1\/3&Prime; offset=\u00a0\u00bbvc_col-md-4&Prime;][vc_empty_space height=\u00a0\u00bb50px\u00a0\u00bb]\n        <div class=\"service-box icon-box  ionic  hover-box\">\n                <i class=\"ion-md-podium ion-logo-podium\"><\/i>                <div class=\"content-box\">\n            <h4>Agency Banking<\/h4>\n            <p>Un service d\u00e9centralis\u00e9 permettant de r\u00e9gler les factures d\u2019ONEA et de SONABEL.<\/p>\n<div class=\"espace-invisible\" style=\"height: 40px; visibility: hidden;\"><\/div>\n<p><\/p>\n            <a class=\"link-box pagelink\" href=\"https:\/\/codec-ouaga.com\/index.php\/service-financiers\/agency-banking\/\" target=\"_self\">Lire la suite<\/a>        <\/div>\n    <\/div>\n    \n    [\/vc_column][\/vc_row][vc_row][vc_column width=\u00a0\u00bb1\/3&Prime;][vc_empty_space height=\u00a0\u00bb30px\u00a0\u00bb]\n        <div class=\"service-box icon-box  ionic  hover-box\">\n                <i class=\"ion-md-cash ion-logo-cash\"><\/i>                <div class=\"content-box\">\n            <h4>Virements\/Transferts (Entre comptes, Nationaux et Internationaux)<\/h4>\n            <p><strong>Id\u00e9al pour<\/strong> : Les membres (Personnes physiques ou morales) ayant des besoins de transfert d\u2019argent fr\u00e9quents.<\/p>\n            <a class=\"link-box pagelink\" href=\"https:\/\/codec-ouaga.com\/index.php\/service-financiers\/virements-transferts\/\" target=\"_self\">Lire la suite<\/a>        <\/div>\n    <\/div>\n    \n    [vc_empty_space height=\u00a0\u00bb30px\u00a0\u00bb][\/vc_column][vc_column width=\u00a0\u00bb1\/3&Prime;][vc_empty_space height=\u00a0\u00bb30px\u00a0\u00bb]\n        <div class=\"service-box icon-box  ionic  hover-box\">\n                <i class=\"ion-md-wallet ion-logo-wallet\"><\/i>                <div class=\"content-box\">\n            <h4>Ordre de Paiement (OP)<\/h4>\n            <p><strong>Id\u00e9al pour<\/strong> : Les membres cherchant \u00e0 simplifier leurs op\u00e9rations financi\u00e8res.<\/p>\n<div class=\"espace-invisible\" style=\"height: 50px; visibility: hidden;\"><\/div>\n<p><\/p>\n            <a class=\"link-box pagelink\" href=\"https:\/\/codec-ouaga.com\/index.php\/service-financiers\/ordre-de-paiement-op\/\" target=\"_self\">Lire la suite<\/a>        <\/div>\n    <\/div>\n    \n    [vc_empty_space height=\u00a0\u00bb30px\u00a0\u00bb][\/vc_column][vc_column width=\u00a0\u00bb1\/3&Prime;][vc_empty_space height=\u00a0\u00bb30px\u00a0\u00bb]\n        <div class=\"service-box icon-box  ionic  hover-box\">\n                <i class=\"ion-md-list-box ion-logo-list-box\"><\/i>                <div class=\"content-box\">\n            <h4>Mobile Banking \/ INTERCODECO (Wallet to Bank, Bank to Wallet)<\/h4>\n            <p><strong>Id\u00e9al pour<\/strong> : Les membres recherchant une gestion financi\u00e8re Rapidit\u00e9, flexibilit\u00e9 et accessibilit\u00e9 en temps r\u00e9el.<\/p>\n            <a class=\"link-box pagelink\" href=\"https:\/\/codec-ouaga.com\/index.php\/service-financiers\/mobile-banking-intercodeco\/\" target=\"_self\">Lire la suite<\/a>        <\/div>\n    <\/div>\n    \n    [vc_empty_space height=\u00a0\u00bb30px\u00a0\u00bb][\/vc_column][\/vc_row][vc_row][vc_column width=\u00a0\u00bb1\/3&Prime;]\n        <div class=\"service-box icon-box  ionic  hover-box\">\n                <i class=\"ion-md-warning ion-logo-warning\"><\/i>                <div class=\"content-box\">\n            <h4>D\u00e9p\u00f4ts de ch\u00e8que<\/h4>\n            <p><strong>Id\u00e9al pour<\/strong> : Les clients utilisant des ch\u00e8ques pour leurs transactions.<\/p>\n<div class=\"espace-invisible\" style=\"height: 50px; visibility: hidden;\"><\/div>\n<p><\/p>\n            <a class=\"link-box pagelink\" href=\"https:\/\/codec-ouaga.com\/index.php\/service-financiers\/depots-de-cheque\/\" target=\"_self\">Lire la suite<\/a>        <\/div>\n    <\/div>\n    \n    [vc_empty_space height=\u00a0\u00bb30px\u00a0\u00bb el_class=\u00a0\u00bblg-hidden\u00a0\u00bb][\/vc_column][vc_column width=\u00a0\u00bb1\/3&Prime;]\n        <div class=\"service-box icon-box  ionic  hover-box\">\n                <i class=\"ion-md-refresh ion-logo-refresh\"><\/i>                <div class=\"content-box\">\n            <h4>Domiciliation des March\u00e9s<\/h4>\n            <p><strong>Id\u00e9al pour<\/strong> : Les entreprises cherchant \u00e0 s\u00e9curiser leurs engagements contractuels.<\/p>\n<div class=\"espace-invisible\" style=\"height: 50px; visibility: hidden;\"><\/div>\n<p><\/p>\n            <a class=\"link-box pagelink\" href=\"https:\/\/codec-ouaga.com\/index.php\/service-financiers\/domiciliation-des-marches\/\" target=\"_self\">Lire la suite<\/a>        <\/div>\n    <\/div>\n    \n    [vc_empty_space height=\u00a0\u00bb30px\u00a0\u00bb el_class=\u00a0\u00bblg-hidden md-hidden\u00a0\u00bb][\/vc_column][vc_column width=\u00a0\u00bb1\/3&Prime;]\n        <div class=\"service-box icon-box  ionic  hover-box\">\n                <i class=\"ion-md-airplane ion-logo-airplane\"><\/i>                <div class=\"content-box\">\n            <h4>SMS BANKING<\/h4>\n            <p>Le SMS Banking permet aux membres de recevoir des alertes (d\u00e9p\u00f4ts, retraits, rappels d\u2019\u00e9ch\u00e9ances, virements et transfert) et de suivre leurs op\u00e9rations de mani\u00e8re instantan\u00e9e.<\/p>\n            <a class=\"link-box pagelink\" href=\"https:\/\/codec-ouaga.com\/index.php\/service-financiers\/sms-banking\/\" target=\"_self\">Lire la suite<\/a>        <\/div>\n    <\/div>\n    \n    [vc_empty_space height=\u00a0\u00bb30px\u00a0\u00bb el_class=\u00a0\u00bblg-hidden md-hidden\u00a0\u00bb][\/vc_column][\/vc_row][vc_row][vc_column][vc_empty_space height=\u00a0\u00bb30px\u00a0\u00bb][\/vc_column][\/vc_row]<\/p>\n<\/div>","protected":false},"excerpt":{"rendered":"<p>[vc_row equal_height=\u00a0\u00bbyes\u00a0\u00bb][vc_column width=\u00a0\u00bb1\/3&Prime; offset=\u00a0\u00bbvc_col-md-4&Prime;][vc_empty_space height=\u00a0\u00bb50px\u00a0\u00bb][\/vc_column][vc_column width=\u00a0\u00bb1\/3&Prime; offset=\u00a0\u00bbvc_col-md-4&Prime;][vc_empty_space height=\u00a0\u00bb50px\u00a0\u00bb][\/vc_column][vc_column width=\u00a0\u00bb1\/3&Prime; offset=\u00a0\u00bbvc_col-md-4&Prime;][vc_empty_space height=\u00a0\u00bb50px\u00a0\u00bb][\/vc_column][\/vc_row][vc_row][vc_column width=\u00a0\u00bb1\/3&Prime;][vc_empty_space height=\u00a0\u00bb30px\u00a0\u00bb][vc_empty_space height=\u00a0\u00bb30px\u00a0\u00bb][\/vc_column][vc_column width=\u00a0\u00bb1\/3&Prime;][vc_empty_space height=\u00a0\u00bb30px\u00a0\u00bb][vc_empty_space height=\u00a0\u00bb30px\u00a0\u00bb][\/vc_column][vc_column width=\u00a0\u00bb1\/3&Prime;][vc_empty_space height=\u00a0\u00bb30px\u00a0\u00bb][vc_empty_space height=\u00a0\u00bb30px\u00a0\u00bb][\/vc_column][\/vc_row][vc_row][vc_column width=\u00a0\u00bb1\/3&Prime;][vc_empty_space height=\u00a0\u00bb30px\u00a0\u00bb el_class=\u00a0\u00bblg-hidden\u00a0\u00bb][\/vc_column][vc_column width=\u00a0\u00bb1\/3&Prime;][vc_empty_space height=\u00a0\u00bb30px\u00a0\u00bb el_class=\u00a0\u00bblg-hidden md-hidden\u00a0\u00bb][\/vc_column][vc_column width=\u00a0\u00bb1\/3&Prime;][vc_empty_space height=\u00a0\u00bb30px\u00a0\u00bb el_class=\u00a0\u00bblg-hidden md-hidden\u00a0\u00bb][\/vc_column][\/vc_row][vc_row][vc_column][vc_empty_space height=\u00a0\u00bb30px\u00a0\u00bb][\/vc_column][\/vc_row]<\/p>\n","protected":false},"author":1,"featured_media":0,"parent":0,"menu_order":0,"comment_status":"closed","ping_status":"closed","template":"","meta":{"footnotes":""},"class_list":["post-1327","page","type-page","status-publish","hentry"],"_links":{"self":[{"href":"https:\/\/codec-ouaga.com\/index.php\/wp-json\/wp\/v2\/pages\/1327","targetHints":{"allow":["GET"]}}],"collection":[{"href":"https:\/\/codec-ouaga.com\/index.php\/wp-json\/wp\/v2\/pages"}],"about":[{"href":"https:\/\/codec-ouaga.com\/index.php\/wp-json\/wp\/v2\/types\/page"}],"author":[{"embeddable":true,"href":"https:\/\/codec-ouaga.com\/index.php\/wp-json\/wp\/v2\/users\/1"}],"replies":[{"embeddable":true,"href":"https:\/\/codec-ouaga.com\/index.php\/wp-json\/wp\/v2\/comments?post=1327"}],"version-history":[{"count":0,"href":"https:\/\/codec-ouaga.com\/index.php\/wp-json\/wp\/v2\/pages\/1327\/revisions"}],"wp:attachment":[{"href":"https:\/\/codec-ouaga.com\/index.php\/wp-json\/wp\/v2\/media?parent=1327"}],"curies":[{"name":"wp","href":"https:\/\/api.w.org\/{rel}","templated":true}]}}