{"id":1215,"date":"2019-03-22T07:05:25","date_gmt":"2019-03-22T07:05:25","guid":{"rendered":"http:\/\/localhost\/consultax\/?page_id=1215"},"modified":"2026-01-30T09:12:40","modified_gmt":"2026-01-30T09:12:40","slug":"recrutement","status":"publish","type":"page","link":"https:\/\/codec-ouaga.com\/index.php\/recrutement\/","title":{"rendered":"Carri\u00e8res"},"content":{"rendered":"<div class=\"wpb-content-wrapper\"><p>[vc_row el_class=\u00a0\u00bbsection-padd\u00a0\u00bb css=\u00a0\u00bb.vc_custom_1553238402677{padding-bottom: 0px !important;}\u00a0\u00bb][vc_column]\n    <div class=\"section-head \">\n                    <h6><span>CODEC-OUAGA<\/span><\/h6>\n                <h2 class=\"section-title\">Vous avez l\u2019ambition ? Consultez ci-dessous nos diff\u00e9rentes offres !<\/h2>\n            <\/div>\n\n[vc_empty_space height=\u00a0\u00bb40px\u00a0\u00bb]\n    <div class=\"career-box \">\n        <h5>Animatrices Tontini\u00e8res (5 postes)<\/h5>\n        <div class=\"content-box\">\n            <h3>Description<\/h3>\n<p>Dans le cadre du renforcement de ses activit\u00e9s, la <strong>Coop\u00e9rative Dioc\u00e9saine d&rsquo;Epargne et de cr\u00e9dit de Ouagadougou (CODEC-Ouaga)<\/strong>, institution de microfinance en pleine expansion, lance un appel de candidatures pour le recrutement de <strong>cinq (05) animatrices tontini\u00e8res<\/strong> comp\u00e9tentes, dynamiques et motiv\u00e9es.<\/p>\n            <a class=\"btn\" href=\"https:\/\/codec-ouaga.com\/wp-content\/uploads\/2026\/01\/OFFRE-DEMPLOI-ANIMATRICE-TONTINE-janvier-26.pdf\" target=\"_self\">Acc\u00e9der \u00e0 l&#039;offre<\/a>        <\/div>\n    <\/div>\n\n    [vc_empty_space height=\u00a0\u00bb40px\u00a0\u00bb]\n    <div class=\"career-box \">\n        <h5>Assistant(e) Informaticien(ne)<\/h5>\n        <div class=\"content-box\">\n            <h3>Description<\/h3>\n<p>Dans le cadre du renforcement de ses activit\u00e9s, la <strong>Coop\u00e9rative Dioc\u00e9saine d&rsquo;Epargne et de cr\u00e9dit de Ouagadougou (CODEC-Ouaga)<\/strong>, institution de microfinance en pleine expansion, lance un appel de candidatures pour le recrutement <strong>d&rsquo;un(e) Assistant(e) Informaticien(ne)<\/strong>\u00a0comp\u00e9tentes, dynamiques et motiv\u00e9es.<\/p>\n            <a class=\"btn\" href=\"https:\/\/codec-ouaga.com\/wp-content\/uploads\/2025\/11\/Recrutement1.pdf\" target=\"_self\">Acc\u00e9der \u00e0 l&#039;offre<\/a>        <\/div>\n    <\/div>\n\n    [\/vc_column][\/vc_row][vc_row el_class=\u00a0\u00bbsection-padd\u00a0\u00bb][vc_column]\n    <div class=\"section-head \">\n                    <h6><span>CODEC-OUAGA<\/span><\/h6>\n                <h2 class=\"section-title\">Candidature Spontan\u00e9e<\/h2>\n            <\/div>\n\n[vc_empty_space height=\u00a0\u00bb12px\u00a0\u00bb]\n<div class=\"wpcf7 no-js\" id=\"wpcf7-f2923-o1\" lang=\"fr-FR\" dir=\"ltr\" data-wpcf7-id=\"2923\">\n<div class=\"screen-reader-response\"><p role=\"status\" aria-live=\"polite\" aria-atomic=\"true\"><\/p> <ul><\/ul><\/div>\n<form action=\"\/index.php\/wp-json\/wp\/v2\/pages\/1215#wpcf7-f2923-o1\" method=\"post\" class=\"wpcf7-form init\" aria-label=\"Formulaire de contact\" enctype=\"multipart\/form-data\" novalidate=\"novalidate\" data-status=\"init\">\n<fieldset class=\"hidden-fields-container\"><input type=\"hidden\" name=\"_wpcf7\" value=\"2923\" \/><input type=\"hidden\" name=\"_wpcf7_version\" value=\"6.1.5\" \/><input type=\"hidden\" name=\"_wpcf7_locale\" value=\"fr_FR\" \/><input type=\"hidden\" name=\"_wpcf7_unit_tag\" value=\"wpcf7-f2923-o1\" \/><input type=\"hidden\" name=\"_wpcf7_container_post\" value=\"0\" \/><input type=\"hidden\" name=\"_wpcf7_posted_data_hash\" value=\"\" \/>\n<\/fieldset>\n<style>\n .candidature-container {\n max-width: 700px;\n margin: 40px auto;\n padding: 30px;\n background: #ffffff;\n border: 1px solid #ddd;\n border-radius: 8px;\n font-family: Arial, sans-serif;\n }\n\n .candidature-container h2 {\n text-align: center;\n margin-bottom: 20px;\n font-size: 24px;\n color: #333;\n }\n\n .candidature-row {\n display: flex;\n flex-wrap: wrap;\n margin: -10px;\n }\n\n .candidature-col {\n flex: 1;\n min-width: 300px;\n padding: 10px;\n }\n\n .candidature-col label {\n display: block;\n margin-bottom: 6px;\n color: #555;\n font-weight: bold;\n }\n\n .candidature-col input,\n .candidature-col select,\n .candidature-col textarea {\n width: 100%;\n padding: 10px;\n border: 1px solid #ccc;\n border-radius: 4px;\n font-size: 14px;\n box-sizing: border-box;\n }\n\n .candidature-col textarea {\n resize: vertical;\n }\n\n .candidature-submit {\n \n margin-top: 20px;\n }\n\n .candidature-submit button {\n background-color: #f26522;\n color: white;\n padding: 12px 30px;\n border: none;\n border-radius: 4px;\n font-size: 16px;\n cursor: pointer;\n }\n\n .candidature-submit button:hover {\n background-color: #d79a10;\n }\n<\/style>\n<p><span id=\"wpcf7-6a01cbee93cba-wrapper\" class=\"wpcf7-form-control-wrap helper-field-wrap\" style=\"display:none !important; visibility:hidden !important;\"><input type=\"hidden\" name=\"helper-field-time-start\" value=\"1778502638\"><input type=\"hidden\" name=\"helper-field-time-check\" value=\"1\"><input id=\"wpcf7-6a01cbee93cba-field\"  class=\"wpcf7-form-control wpcf7-text\" type=\"text\" name=\"helper-field\" value=\"\" size=\"40\" tabindex=\"-1\" autocomplete=\"new-password\" \/><\/span><br \/>\n<input class=\"wpcf7-form-control wpcf7-hidden\" value=\"\" type=\"hidden\" name=\"form-time\" \/>\n<\/p>\n<div class=\"candidature-row\">\n\t<div class=\"candidature-col\">\n\t\t<p><label for=\"nom\">Nom & Pr\u00e9nom(s) *<br \/>\n<span class=\"wpcf7-form-control-wrap\" data-name=\"your-name\"><input size=\"40\" maxlength=\"400\" class=\"wpcf7-form-control wpcf7-text wpcf7-validates-as-required\" aria-required=\"true\" aria-invalid=\"false\" placeholder=\"Votre nom complet\" value=\"\" type=\"text\" name=\"your-name\" \/><\/span><\/label>\n\t\t<\/p>\n\n <!-- <input type=\"text\" id=\"nom\" name=\"nom\" required placeholder=\"Votre nom complet\"> -->\n\t<\/div>\n\t<div class=\"candidature-col\">\n\t\t<p><label for=\"email\">Email *<br \/>\n<span class=\"wpcf7-form-control-wrap\" data-name=\"your-email\"><input size=\"40\" maxlength=\"400\" class=\"wpcf7-form-control wpcf7-email wpcf7-validates-as-required wpcf7-text wpcf7-validates-as-email\" aria-required=\"true\" aria-invalid=\"false\" placeholder=\"Votre adresse email\" value=\"\" type=\"email\" name=\"your-email\" \/><\/span><\/label>\n\t\t<\/p>\n\n <!-- <input type=\"email\" id=\"email\" name=\"email\" required placeholder=\"Votre adresse email\"> -->\n\t<\/div>\n\t<div class=\"candidature-col\">\n\t\t<p><label for=\"telephone\">T\u00e9l\u00e9phone *<br \/>\n<span class=\"wpcf7-form-control-wrap\" data-name=\"your-phone\"><input size=\"40\" maxlength=\"400\" class=\"wpcf7-form-control wpcf7-tel wpcf7-validates-as-required wpcf7-text wpcf7-validates-as-tel\" aria-required=\"true\" aria-invalid=\"false\" placeholder=\"Num\u00e9ro de t\u00e9l\u00e9phone\" value=\"\" type=\"tel\" name=\"your-phone\" \/><\/span><\/label>\n\t\t<\/p>\n\n <!-- <input type=\"tel\" id=\"telephone\" name=\"telephone\" required placeholder=\"Num\u00e9ro de t\u00e9l\u00e9phone\"> -->\n\t<\/div>\n\n <!-- <div class=\"candidature-col\">\n        <label for=\"poste\">Poste souhait\u00e9 *<\/label>\n        <select id=\"poste\" name=\"poste\" required>\n          <option value=\"\">-- S\u00e9lectionnez un poste --<\/option>\n          <option value=\"D\u00e9veloppeur Web\">D\u00e9veloppeur Web<\/option>\n          <option value=\"Technicien Support\">Technicien Support<\/option>\n          <option value=\"Administrateur Syst\u00e8me\">Administrateur Syst\u00e8me<\/option>\n          <option value=\"Autre\">Autre<\/option>\n        <\/select>\n      <\/div>-->\n<\/div>\n<div class=\"candidature-row\">\n\t<div class=\"candidature-col\" style=\"flex: 1;\">\n\t\t<p><label for=\"message\">Message \/ Motivation *<br \/>\n<span class=\"wpcf7-form-control-wrap\" data-name=\"your-message\"><textarea cols=\"40\" rows=\"10\" maxlength=\"2000\" class=\"wpcf7-form-control wpcf7-textarea\" aria-invalid=\"false\" placeholder=\"Expliquez pourquoi vous souhaitez nous rejoindre\" name=\"your-message\"><\/textarea><\/span><\/label>\n\t\t<\/p>\n\n <!-- <textarea id=\"message\" name=\"message\" rows=\"5\" required placeholder=\"Expliquez pourquoi vous souhaitez nous rejoindre\"><\/textarea> -->\n\t<\/div>\n<\/div>\n<div class=\"candidature-row\">\n\t<div class=\"candidature-col\">\n\t\t<p><label for=\"cv\">D\u00e9poser votre CV (PDF, JPG, JPEG, PNG) *<br \/>\n<span class=\"wpcf7-form-control-wrap\" data-name=\"your-file\"><input size=\"40\" class=\"wpcf7-form-control wpcf7-file\" accept=\".pdf,.jpg,.jpeg,.png\" aria-invalid=\"false\" type=\"file\" name=\"your-file\" \/><\/span><br \/>\n<\/label>\n\t\t<\/p>\n\n <!-- <input type=\"file\" id=\"cv\" name=\"cv\" accept=\".pdf,.doc,.docx\" required> -->\n\t<\/div>\n<\/div>\n<div class=\"candidature-submit\">\n\t<p><button type=\"submit\">Envoyer ma candidature<\/button>\n\t<\/p>\n<\/div><p style=\"display: none !important;\" class=\"akismet-fields-container\" data-prefix=\"_wpcf7_ak_\"><label>&#916;<textarea name=\"_wpcf7_ak_hp_textarea\" cols=\"45\" rows=\"8\" maxlength=\"100\"><\/textarea><\/label><input type=\"hidden\" id=\"ak_js_1\" name=\"_wpcf7_ak_js\" value=\"164\"\/><script type=\"text\/javascript\">\n\/* <![CDATA[ *\/\ndocument.getElementById( \"ak_js_1\" ).setAttribute( \"value\", ( new Date() ).getTime() );\n\/* ]]> *\/\n<\/script>\n<\/p><div class=\"wpcf7-response-output\" aria-hidden=\"true\"><\/div>\n<\/form>\n<\/div>\n[vc_empty_space height=\u00a0\u00bb30px\u00a0\u00bb el_class=\u00a0\u00bblg-hidden md-hidden\u00a0\u00bb][\/vc_column][\/vc_row]<\/p>\n<\/div>","protected":false},"excerpt":{"rendered":"<p>[vc_row el_class=\u00a0\u00bbsection-padd\u00a0\u00bb css=\u00a0\u00bb.vc_custom_1553238402677{padding-bottom: 0px !important;}\u00a0\u00bb][vc_column][vc_empty_space height=\u00a0\u00bb40px\u00a0\u00bb][vc_empty_space height=\u00a0\u00bb40px\u00a0\u00bb][\/vc_column][\/vc_row][vc_row el_class=\u00a0\u00bbsection-padd\u00a0\u00bb][vc_column][vc_empty_space height=\u00a0\u00bb12px\u00a0\u00bb][vc_empty_space height=\u00a0\u00bb30px\u00a0\u00bb el_class=\u00a0\u00bblg-hidden md-hidden\u00a0\u00bb][\/vc_column][\/vc_row]<\/p>\n","protected":false},"author":1,"featured_media":0,"parent":0,"menu_order":0,"comment_status":"closed","ping_status":"closed","template":"","meta":{"footnotes":""},"class_list":["post-1215","page","type-page","status-publish","hentry"],"_links":{"self":[{"href":"https:\/\/codec-ouaga.com\/index.php\/wp-json\/wp\/v2\/pages\/1215","targetHints":{"allow":["GET"]}}],"collection":[{"href":"https:\/\/codec-ouaga.com\/index.php\/wp-json\/wp\/v2\/pages"}],"about":[{"href":"https:\/\/codec-ouaga.com\/index.php\/wp-json\/wp\/v2\/types\/page"}],"author":[{"embeddable":true,"href":"https:\/\/codec-ouaga.com\/index.php\/wp-json\/wp\/v2\/users\/1"}],"replies":[{"embeddable":true,"href":"https:\/\/codec-ouaga.com\/index.php\/wp-json\/wp\/v2\/comments?post=1215"}],"version-history":[{"count":5,"href":"https:\/\/codec-ouaga.com\/index.php\/wp-json\/wp\/v2\/pages\/1215\/revisions"}],"predecessor-version":[{"id":11474,"href":"https:\/\/codec-ouaga.com\/index.php\/wp-json\/wp\/v2\/pages\/1215\/revisions\/11474"}],"wp:attachment":[{"href":"https:\/\/codec-ouaga.com\/index.php\/wp-json\/wp\/v2\/media?parent=1215"}],"curies":[{"name":"wp","href":"https:\/\/api.w.org\/{rel}","templated":true}]}}