{"id":1152,"date":"2019-03-20T10:01:09","date_gmt":"2019-03-20T10:01:09","guid":{"rendered":"http:\/\/localhost\/consultax\/?page_id=1152"},"modified":"2025-12-10T14:27:43","modified_gmt":"2025-12-10T14:27:43","slug":"nos-agences","status":"publish","type":"page","link":"https:\/\/codec-ouaga.com\/index.php\/nos-agences\/","title":{"rendered":"Nos agences"},"content":{"rendered":"<div class=\"wpb-content-wrapper\"><p>[vc_row el_class=\u00a0\u00bbsection-padd\u00a0\u00bb][vc_column]\n    <div class=\"section-head \">\n                    <h6><span>CODEC-OUAGA<\/span><\/h6>\n                <h2 class=\"section-title\">Vos Agences respectifs<\/h2>\n            <\/div>\n\n[vc_column_text css=\u00a0\u00bb\u00a0\u00bb]<\/p>\n<p style=\"font-size: 18px;\">Vous recherchez une agence de CODEC-OUAGA, consultez la liste ci-dessous. Vous y trouverez les num\u00e9ros de contacts ainsi que la g\u00e9olocalisation !<\/p>\n<p>[\/vc_column_text][vc_row_inner equal_height=\u00a0\u00bbyes\u00a0\u00bb content_placement=\u00a0\u00bbmiddle\u00a0\u00bb][vc_column_inner width=\u00a0\u00bb1\/2&Prime; css=\u00a0\u00bb.vc_custom_1553162476991{padding-top: 30px !important;padding-right: 30px !important;padding-bottom: 30px !important;padding-left: 30px !important;background-color: #f9f5f0 !important;}\u00a0\u00bb][vc_column_text css=\u00a0\u00bb.vc_custom_1764665288704{margin-bottom: 0px !important;}\u00a0\u00bb]<\/p>\n<h4><span style=\"color: #00387a;\">Agence Si\u00e8ge<\/span><\/h4>\n<ul>\n<li>Immeuble Jeunesse d\u2019Afrique<\/li>\n<li><strong>T\u00e9l<\/strong> <strong>: (+226) 25 30 72 09 \/ 25 33 54 41<\/strong><\/li>\n<li>Localisation: <a href=\"https:\/\/maps.app.goo.gl\/TTCdWMc517xWzPw9A\"><strong>Cliquez ici !<\/strong><\/a><\/li>\n<\/ul>\n<p>[\/vc_column_text][\/vc_column_inner][vc_column_inner width=\u00a0\u00bb1\/2&Prime; css=\u00a0\u00bb.vc_custom_1763575997123{padding-top: 200px !important;padding-bottom: 135px !important;background-image: url(https:\/\/codec-ouaga.com\/wp-content\/uploads\/2024\/11\/siege.png?id=2240) !important;background-position: center !important;background-repeat: no-repeat !important;background-size: cover !important;}\u00a0\u00bb][vc_empty_space el_class=\u00a0\u00bblg-hidden md-hidden\u00a0\u00bb][\/vc_column_inner][\/vc_row_inner][vc_separator color=\u00a0\u00bbsandy_brown\u00a0\u00bb border_width=\u00a0\u00bb2&Prime; css=\u00a0\u00bb\u00a0\u00bb][vc_row_inner equal_height=\u00a0\u00bbyes\u00a0\u00bb content_placement=\u00a0\u00bbmiddle\u00a0\u00bb][vc_column_inner width=\u00a0\u00bb1\/2&Prime; css=\u00a0\u00bb.vc_custom_1763632626359{padding-top: 200px !important;padding-bottom: 135px !important;background-image: url(https:\/\/codec-ouaga.com\/wp-content\/uploads\/2024\/11\/Goughin.jpeg?id=2242) !important;background-position: center !important;background-repeat: no-repeat !important;background-size: cover !important;}\u00a0\u00bb][\/vc_column_inner][vc_column_inner width=\u00a0\u00bb1\/2&Prime; css=\u00a0\u00bb.vc_custom_1553162476991{padding-top: 30px !important;padding-right: 30px !important;padding-bottom: 30px !important;padding-left: 30px !important;background-color: #f9f5f0 !important;}\u00a0\u00bb][vc_column_text css=\u00a0\u00bb.vc_custom_1732462241636{margin-bottom: 0px !important;}\u00a0\u00bb]<\/p>\n<h4><span style=\"color: #f26522;\">Agence Gounghin<\/span><\/h4>\n<ul>\n<li>C\u00f4t\u00e9 Sud de l\u2019\u00e9cole Nationale de la police \u00e0 50m de la station Shell<\/li>\n<li><strong>T\u00e9l :<\/strong>\u00a0(+ 226)\u00a0<strong>25 34 18 48<\/strong><\/li>\n<li>Localisation:\u00a0<a href=\"https:\/\/codec-ouaga.com\/index.php\/nos-agences\/#\"><strong>Cliquez ici !<\/strong><\/a><\/li>\n<\/ul>\n<p>[\/vc_column_text][vc_empty_space el_class=\u00a0\u00bblg-hidden md-hidden\u00a0\u00bb][\/vc_column_inner][\/vc_row_inner][vc_separator color=\u00a0\u00bbsandy_brown\u00a0\u00bb border_width=\u00a0\u00bb2&Prime; css=\u00a0\u00bb\u00a0\u00bb][vc_row_inner equal_height=\u00a0\u00bbyes\u00a0\u00bb content_placement=\u00a0\u00bbmiddle\u00a0\u00bb][vc_column_inner width=\u00a0\u00bb1\/2&Prime; css=\u00a0\u00bb.vc_custom_1553162476991{padding-top: 30px !important;padding-right: 30px !important;padding-bottom: 30px !important;padding-left: 30px !important;background-color: #f9f5f0 !important;}\u00a0\u00bb][vc_column_text css=\u00a0\u00bb.vc_custom_1764665227034{margin-bottom: 0px !important;}\u00a0\u00bb]<\/p>\n<h4><span style=\"color: #00387a;\">Agence Cissin<\/span><\/h4>\n<ul>\n<li>M\u00eame alignement que le Centre Culturelle Jean Pierre GUINGUANE<\/li>\n<li><strong>T\u00e9l\u00a0:\u00a0(+226)\u00a025 43 04 64<\/strong><\/li>\n<li>Localisation: <a href=\"#\"><strong>Cliquez ici !<\/strong><\/a><\/li>\n<\/ul>\n<p>[\/vc_column_text][\/vc_column_inner][vc_column_inner width=\u00a0\u00bb1\/2&Prime; css=\u00a0\u00bb.vc_custom_1763576048218{padding-top: 200px !important;padding-bottom: 135px !important;background-image: url(https:\/\/codec-ouaga.com\/wp-content\/uploads\/2024\/11\/Cissin.jpeg?id=2258) !important;background-position: center !important;background-repeat: no-repeat !important;background-size: cover !important;}\u00a0\u00bb][vc_empty_space el_class=\u00a0\u00bblg-hidden md-hidden\u00a0\u00bb][\/vc_column_inner][\/vc_row_inner][vc_separator color=\u00a0\u00bbsandy_brown\u00a0\u00bb border_width=\u00a0\u00bb2&Prime; css=\u00a0\u00bb\u00a0\u00bb][vc_row_inner equal_height=\u00a0\u00bbyes\u00a0\u00bb content_placement=\u00a0\u00bbmiddle\u00a0\u00bb][vc_column_inner width=\u00a0\u00bb1\/2&Prime; css=\u00a0\u00bb.vc_custom_1763632583113{padding-top: 200px !important;padding-bottom: 135px !important;background-image: url(https:\/\/codec-ouaga.com\/wp-content\/uploads\/2024\/11\/guiloungou-e1763632566432.png?id=2244) !important;background-position: center !important;background-repeat: no-repeat !important;background-size: cover !important;}\u00a0\u00bb][\/vc_column_inner][vc_column_inner width=\u00a0\u00bb1\/2&Prime; css=\u00a0\u00bb.vc_custom_1553162476991{padding-top: 30px !important;padding-right: 30px !important;padding-bottom: 30px !important;padding-left: 30px !important;background-color: #f9f5f0 !important;}\u00a0\u00bb][vc_column_text css=\u00a0\u00bb.vc_custom_1764665182903{margin-bottom: 0px !important;}\u00a0\u00bb]<\/p>\n<h4><span style=\"color: #f26522;\">Agence Guiloungou<\/span><\/h4>\n<ul>\n<li>Sise c\u00f4t\u00e9 Nord de la police r\u00e9gionale<\/li>\n<li><strong>T\u00e9l\u00a0: (+226)\u00a075 01 54 01<\/strong><\/li>\n<li>Localisation:\u00a0<a href=\"#\"><strong>Cliquez ici !<\/strong><\/a><\/li>\n<\/ul>\n<p>[\/vc_column_text][vc_empty_space][\/vc_column_inner][\/vc_row_inner][vc_separator color=\u00a0\u00bbsandy_brown\u00a0\u00bb border_width=\u00a0\u00bb2&Prime; css=\u00a0\u00bb\u00a0\u00bb][vc_row_inner equal_height=\u00a0\u00bbyes\u00a0\u00bb content_placement=\u00a0\u00bbmiddle\u00a0\u00bb][vc_column_inner width=\u00a0\u00bb1\/2&Prime; css=\u00a0\u00bb.vc_custom_1553162476991{padding-top: 30px !important;padding-right: 30px !important;padding-bottom: 30px !important;padding-left: 30px !important;background-color: #f9f5f0 !important;}\u00a0\u00bb][vc_column_text css=\u00a0\u00bb.vc_custom_1764664669338{margin-bottom: 0px !important;}\u00a0\u00bb]<\/p>\n<h4><span style=\"color: #00387a;\">Agence Wayalghin<\/span><\/h4>\n<ul>\n<li>C\u00f4t\u00e9 nord du boulevard passant sous l\u2019\u00e9changeur de l\u2019Est pour KOSSODO en face du terrain de NEWTON<\/li>\n<li><strong>T\u00e9l\u00a0:\u00a0 (+226) 07 77 77 09<\/strong><\/li>\n<li>Localisation:\u00a0<a href=\"https:\/\/codec-ouaga.com\/index.php\/nos-agences\/#\"><strong>Cliquez ici !<\/strong><\/a><\/li>\n<\/ul>\n<p>[\/vc_column_text][\/vc_column_inner][vc_column_inner width=\u00a0\u00bb1\/2&Prime; css=\u00a0\u00bb.vc_custom_1763632862090{padding-top: 200px !important;padding-bottom: 135px !important;background-image: url(https:\/\/codec-ouaga.com\/wp-content\/uploads\/2025\/11\/Whayalghin.jpg?id=2921) !important;background-position: center !important;background-repeat: no-repeat !important;background-size: cover !important;}\u00a0\u00bb][\/vc_column_inner][\/vc_row_inner][vc_separator color=\u00a0\u00bbsandy_brown\u00a0\u00bb border_width=\u00a0\u00bb2&Prime; css=\u00a0\u00bb\u00a0\u00bb][vc_row_inner equal_height=\u00a0\u00bbyes\u00a0\u00bb content_placement=\u00a0\u00bbmiddle\u00a0\u00bb][vc_column_inner width=\u00a0\u00bb1\/2&Prime; css=\u00a0\u00bb.vc_custom_1763576105305{padding-top: 200px !important;padding-bottom: 135px !important;background-image: url(https:\/\/codec-ouaga.com\/wp-content\/uploads\/2024\/11\/tampouy.png?id=2247) !important;background-position: center !important;background-repeat: no-repeat !important;background-size: cover !important;}\u00a0\u00bb][\/vc_column_inner][vc_column_inner width=\u00a0\u00bb1\/2&Prime; css=\u00a0\u00bb.vc_custom_1553162476991{padding-top: 30px !important;padding-right: 30px !important;padding-bottom: 30px !important;padding-left: 30px !important;background-color: #f9f5f0 !important;}\u00a0\u00bb][vc_column_text css=\u00a0\u00bb.vc_custom_1764665128263{margin-bottom: 0px !important;}\u00a0\u00bb]<\/p>\n<h4><strong><span style=\"color: #f26522;\">Agence <\/span><span style=\"color: #f26522;\">TAMPOUY<\/span><\/strong><\/h4>\n<ul>\n<li>Avenue MANEGA \u00e0 100m de l\u2019h\u00f4pital Paul VI<\/li>\n<li><strong>T\u00e9l\u00a0: (+226)\u00a056 89 92 92<\/strong><\/li>\n<li>Localisation:\u00a0<a href=\"https:\/\/codec-ouaga.com\/index.php\/nos-agences\/#\"><strong>Cliquez ici !<\/strong><\/a><\/li>\n<\/ul>\n<p>[\/vc_column_text][vc_empty_space el_class=\u00a0\u00bblg-hidden md-hidden\u00a0\u00bb][\/vc_column_inner][\/vc_row_inner][vc_separator color=\u00a0\u00bbsandy_brown\u00a0\u00bb border_width=\u00a0\u00bb2&Prime; css=\u00a0\u00bb\u00a0\u00bb][vc_row_inner equal_height=\u00a0\u00bbyes\u00a0\u00bb content_placement=\u00a0\u00bbmiddle\u00a0\u00bb][vc_column_inner width=\u00a0\u00bb1\/2&Prime; css=\u00a0\u00bb.vc_custom_1553162476991{padding-top: 30px !important;padding-right: 30px !important;padding-bottom: 30px !important;padding-left: 30px !important;background-color: #f9f5f0 !important;}\u00a0\u00bb][vc_column_text css=\u00a0\u00bb.vc_custom_1764664974767{margin-bottom: 0px !important;}\u00a0\u00bb]<\/p>\n<h4><span style=\"color: #00387a;\">Agence de <strong>Patte d\u2019Oie<\/strong>\u00a0<\/span><\/h4>\n<ul>\n<li>Avenue P\u00e8re Joseph WRESINSKI, \u00e0 50m de la Paroisse<\/li>\n<li><strong>T\u00e9l\u00a0:\u00a0 (+226) 05 38 95 95<\/strong><\/li>\n<li>Localisation:\u00a0<a href=\"https:\/\/codec-ouaga.com\/index.php\/nos-agences\/#\"><strong>Cliquez ici !<\/strong><\/a><\/li>\n<\/ul>\n<p>[\/vc_column_text][\/vc_column_inner][vc_column_inner width=\u00a0\u00bb1\/2&Prime; css=\u00a0\u00bb.vc_custom_1763576120126{padding-top: 200px !important;padding-bottom: 135px !important;background-image: url(https:\/\/codec-ouaga.com\/wp-content\/uploads\/2024\/11\/patte-doie.png?id=2245) !important;background-position: center !important;background-repeat: no-repeat !important;background-size: cover !important;}\u00a0\u00bb][\/vc_column_inner][\/vc_row_inner][vc_separator color=\u00a0\u00bbsandy_brown\u00a0\u00bb border_width=\u00a0\u00bb2&Prime; css=\u00a0\u00bb\u00a0\u00bb][vc_row_inner equal_height=\u00a0\u00bbyes\u00a0\u00bb content_placement=\u00a0\u00bbmiddle\u00a0\u00bb][vc_column_inner width=\u00a0\u00bb1\/2&Prime; css=\u00a0\u00bb.vc_custom_1763632819984{padding-top: 200px !important;padding-bottom: 135px !important;background-image: url(https:\/\/codec-ouaga.com\/wp-content\/uploads\/2025\/11\/Saaba.jpg?id=2920) !important;background-position: center !important;background-repeat: no-repeat !important;background-size: cover !important;}\u00a0\u00bb][\/vc_column_inner][vc_column_inner width=\u00a0\u00bb1\/2&Prime; css=\u00a0\u00bb.vc_custom_1553162476991{padding-top: 30px !important;padding-right: 30px !important;padding-bottom: 30px !important;padding-left: 30px !important;background-color: #f9f5f0 !important;}\u00a0\u00bb][vc_column_text css=\u00a0\u00bb.vc_custom_1764664935512{margin-bottom: 0px !important;}\u00a0\u00bb]<\/p>\n<h4><strong><span style=\"color: #f26522;\">Agence de SAABA\u00a0<\/span><\/strong><\/h4>\n<ul>\n<li>Pr\u00e8s du march\u00e9 c\u00f4t\u00e9 \u00e9glise en allant vers la nouvelle Mairie<\/li>\n<li><strong>T\u00e9l\u00a0: (+226)\u00a068 02 99 99<\/strong><\/li>\n<li>Localisation:\u00a0<a href=\"https:\/\/codec-ouaga.com\/index.php\/nos-agences\/#\"><strong>Cliquez ici !<\/strong><\/a><\/li>\n<\/ul>\n<p>[\/vc_column_text][vc_empty_space el_class=\u00a0\u00bblg-hidden md-hidden\u00a0\u00bb][\/vc_column_inner][\/vc_row_inner][vc_separator color=\u00a0\u00bbsandy_brown\u00a0\u00bb border_width=\u00a0\u00bb2&Prime; css=\u00a0\u00bb\u00a0\u00bb][vc_row_inner equal_height=\u00a0\u00bbyes\u00a0\u00bb content_placement=\u00a0\u00bbmiddle\u00a0\u00bb][vc_column_inner width=\u00a0\u00bb1\/2&Prime; css=\u00a0\u00bb.vc_custom_1553162476991{padding-top: 30px !important;padding-right: 30px !important;padding-bottom: 30px !important;padding-left: 30px !important;background-color: #f9f5f0 !important;}\u00a0\u00bb][vc_column_text css=\u00a0\u00bb.vc_custom_1764665572699{margin-bottom: 0px !important;}\u00a0\u00bb]<\/p>\n<h4><span style=\"color: #00387a;\">Agence <strong>de TENGANDOGO <\/strong><\/span><\/h4>\n<ul>\n<li>Sise \u00e0 200 m\u00e8tres apr\u00e8s l\u2019h\u00f4pital de TENGANDOGO<\/li>\n<li><strong>T\u00e9l :\u00a0 (+226) 25 37 45 15<\/strong><\/li>\n<li>Localisation:\u00a0<a href=\"https:\/\/codec-ouaga.com\/index.php\/nos-agences\/#\"><strong>Cliquez ici !<\/strong><\/a><\/li>\n<\/ul>\n<p>[\/vc_column_text][\/vc_column_inner][vc_column_inner width=\u00a0\u00bb1\/2&Prime; css=\u00a0\u00bb.vc_custom_1763576151139{padding-top: 200px !important;padding-bottom: 135px !important;background-image: url(https:\/\/codec-ouaga.com\/wp-content\/uploads\/2025\/11\/tengandogo.jpg?id=2531) !important;background-position: center !important;background-repeat: no-repeat !important;background-size: cover !important;}\u00a0\u00bb][\/vc_column_inner][\/vc_row_inner][vc_separator color=\u00a0\u00bbsandy_brown\u00a0\u00bb border_width=\u00a0\u00bb2&Prime; css=\u00a0\u00bb\u00a0\u00bb][\/vc_column][\/vc_row][vc_row el_class=\u00a0\u00bbsection-padd\u00a0\u00bb][vc_column]\n    <div class=\"section-head \">\n                    <h6><span>Nous contacter<\/span><\/h6>\n                <h2 class=\"section-title\">Vous avez un besoin particulier? Nous contacter<\/h2>\n            <\/div>\n\n[vc_empty_space height=\u00a0\u00bb12px\u00a0\u00bb][\/vc_column][vc_column width=\u00a0\u00bb1\/2&Prime; offset=\u00a0\u00bbvc_col-md-7&Prime;]\n<div class=\"wpcf7 no-js\" id=\"wpcf7-f1128-o1\" lang=\"en-US\" dir=\"ltr\" data-wpcf7-id=\"1128\">\n<div class=\"screen-reader-response\"><p role=\"status\" aria-live=\"polite\" aria-atomic=\"true\"><\/p> <ul><\/ul><\/div>\n<form action=\"\/index.php\/wp-json\/wp\/v2\/pages\/1152#wpcf7-f1128-o1\" method=\"post\" class=\"wpcf7-form init\" aria-label=\"Contact form\" novalidate=\"novalidate\" data-status=\"init\">\n<fieldset class=\"hidden-fields-container\"><input type=\"hidden\" name=\"_wpcf7\" value=\"1128\" \/><input type=\"hidden\" name=\"_wpcf7_version\" value=\"6.1.5\" \/><input type=\"hidden\" name=\"_wpcf7_locale\" value=\"en_US\" \/><input type=\"hidden\" name=\"_wpcf7_unit_tag\" value=\"wpcf7-f1128-o1\" \/><input type=\"hidden\" name=\"_wpcf7_container_post\" value=\"0\" \/><input type=\"hidden\" name=\"_wpcf7_posted_data_hash\" value=\"\" \/>\n<\/fieldset>\n<p><span id=\"wpcf7-6a01cbe18a1b4-wrapper\" class=\"wpcf7-form-control-wrap helper-field-wrap\" style=\"display:none !important; visibility:hidden !important;\"><input type=\"hidden\" name=\"helper-field-time-start\" value=\"1778502625\"><input type=\"hidden\" name=\"helper-field-time-check\" value=\"1\"><input id=\"wpcf7-6a01cbe18a1b4-field\"  class=\"wpcf7-form-control wpcf7-text\" type=\"text\" name=\"helper-field\" value=\"\" size=\"40\" tabindex=\"-1\" autocomplete=\"new-password\" \/><\/span><br \/>\n<input class=\"wpcf7-form-control wpcf7-hidden\" value=\"\" type=\"hidden\" name=\"form-time\" \/>\n<\/p>\n<div class=\"row\">\n\t<div class=\"col-md-6\">\n\t\t<p><span class=\"wpcf7-form-control-wrap\" data-name=\"your-name\"><input size=\"40\" maxlength=\"400\" class=\"wpcf7-form-control wpcf7-text wpcf7-validates-as-required\" aria-required=\"true\" aria-invalid=\"false\" placeholder=\"Nom &amp; Pr\u00e9nom(s)\" value=\"\" type=\"text\" name=\"your-name\" \/><\/span>\n\t\t<\/p>\n\t<\/div>\n\t<div class=\"col-md-6\">\n\t\t<p><span class=\"wpcf7-form-control-wrap\" data-name=\"your-phone\"><input size=\"40\" maxlength=\"400\" class=\"wpcf7-form-control wpcf7-tel wpcf7-validates-as-required wpcf7-text wpcf7-validates-as-tel\" aria-required=\"true\" aria-invalid=\"false\" placeholder=\"Num\u00e9ro de t\u00e9l\u00e9phone\" value=\"\" type=\"tel\" name=\"your-phone\" \/><\/span>\n\t\t<\/p>\n\t<\/div>\n<\/div>\n<div class=\"contact-mess\">\n\t<p><span class=\"wpcf7-form-control-wrap\" data-name=\"your-message\"><textarea cols=\"40\" rows=\"10\" maxlength=\"2000\" class=\"wpcf7-form-control wpcf7-textarea wpcf7-validates-as-required\" aria-required=\"true\" aria-invalid=\"false\" placeholder=\"Message\" name=\"your-message\"><\/textarea><\/span>\n\t<\/p>\n<\/div>\n<p><input class=\"wpcf7-form-control wpcf7-submit has-spinner btn\" type=\"submit\" value=\"ENVOYER\" \/>\n<\/p><p style=\"display: none !important;\" class=\"akismet-fields-container\" data-prefix=\"_wpcf7_ak_\"><label>&#916;<textarea name=\"_wpcf7_ak_hp_textarea\" cols=\"45\" rows=\"8\" maxlength=\"100\"><\/textarea><\/label><input type=\"hidden\" id=\"ak_js_1\" name=\"_wpcf7_ak_js\" value=\"40\"\/><script type=\"text\/javascript\">\n\/* <![CDATA[ *\/\ndocument.getElementById( \"ak_js_1\" ).setAttribute( \"value\", ( new Date() ).getTime() );\n\/* ]]> *\/\n<\/script>\n<\/p><div class=\"wpcf7-response-output\" aria-hidden=\"true\"><\/div>\n<\/form>\n<\/div>\n[\/vc_column][vc_column width=\u00a0\u00bb1\/2&Prime; offset=\u00a0\u00bbvc_col-md-5&Prime;][vc_column_text css=\u00a0\u00bb.vc_custom_1732463052392{margin-bottom: 0px !important;padding-top: 30px !important;padding-right: 30px !important;padding-bottom: 30px !important;padding-left: 30px !important;background-image: url(http:\/\/wpdemo.archiwp.com\/consultax\/wp-content\/uploads\/sites\/2\/2019\/03\/bg-contact.jpg?id=1133) !important;background-position: center !important;background-repeat: no-repeat !important;background-size: cover !important;border-radius: 2px !important;}\u00a0\u00bb el_class=\u00a0\u00bbtext-light contact-box\u00a0\u00bb]<\/p>\n<h6 class=\"font12\">Service Client (Renseignements, Plaintes et suggestions)<\/h6>\n<h4>(+226) 66 53 47 47<\/h4>\n<h6 class=\"font12\">Email<\/h6>\n<h4>codeco@codec-ouaga.com<\/h4>\n<p>[\/vc_column_text][\/vc_column][\/vc_row]<\/p>\n<\/div>","protected":false},"excerpt":{"rendered":"<p>[vc_row el_class=\u00a0\u00bbsection-padd\u00a0\u00bb][vc_column][vc_column_text css=\u00a0\u00bb\u00a0\u00bb] Vous recherchez une agence de CODEC-OUAGA, consultez la liste ci-dessous. Vous y trouverez les num\u00e9ros de contacts ainsi que la g\u00e9olocalisation ! [\/vc_column_text][vc_row_inner equal_height=\u00a0\u00bbyes\u00a0\u00bb content_placement=\u00a0\u00bbmiddle\u00a0\u00bb][vc_column_inner width=\u00a0\u00bb1\/2&Prime; css=\u00a0\u00bb.vc_custom_1553162476991{padding-top: 30px !important;padding-right: 30px !important;padding-bottom: 30px !important;padding-left: 30px !important;background-color: #f9f5f0 !important;}\u00a0\u00bb][vc_column_text css=\u00a0\u00bb.vc_custom_1764665288704{margin-bottom: 0px !important;}\u00a0\u00bb] Agence Si\u00e8ge Immeuble Jeunesse d\u2019Afrique T\u00e9l : (+226) 25 30 72 09 [&hellip;]<\/p>\n","protected":false},"author":1,"featured_media":0,"parent":0,"menu_order":0,"comment_status":"closed","ping_status":"closed","template":"","meta":{"footnotes":""},"class_list":["post-1152","page","type-page","status-publish","hentry"],"_links":{"self":[{"href":"https:\/\/codec-ouaga.com\/index.php\/wp-json\/wp\/v2\/pages\/1152","targetHints":{"allow":["GET"]}}],"collection":[{"href":"https:\/\/codec-ouaga.com\/index.php\/wp-json\/wp\/v2\/pages"}],"about":[{"href":"https:\/\/codec-ouaga.com\/index.php\/wp-json\/wp\/v2\/types\/page"}],"author":[{"embeddable":true,"href":"https:\/\/codec-ouaga.com\/index.php\/wp-json\/wp\/v2\/users\/1"}],"replies":[{"embeddable":true,"href":"https:\/\/codec-ouaga.com\/index.php\/wp-json\/wp\/v2\/comments?post=1152"}],"version-history":[{"count":0,"href":"https:\/\/codec-ouaga.com\/index.php\/wp-json\/wp\/v2\/pages\/1152\/revisions"}],"wp:attachment":[{"href":"https:\/\/codec-ouaga.com\/index.php\/wp-json\/wp\/v2\/media?parent=1152"}],"curies":[{"name":"wp","href":"https:\/\/api.w.org\/{rel}","templated":true}]}}