{"id":1026,"date":"2019-03-18T08:33:54","date_gmt":"2019-03-18T08:33:54","guid":{"rendered":"http:\/\/localhost\/consultax\/?page_id=1026"},"modified":"2025-12-10T07:39:06","modified_gmt":"2025-12-10T07:39:06","slug":"nous-connaitre","status":"publish","type":"page","link":"https:\/\/codec-ouaga.com\/index.php\/nous-connaitre\/","title":{"rendered":"Nous conna\u00eetre"},"content":{"rendered":"<div class=\"wpb-content-wrapper\"><p>[vc_row el_class=\u00a0\u00bbsection-padd\u00a0\u00bb][vc_column]\n    <div class=\"section-head \">\n                    <h6><span>Pr\u00e9sentation de<\/span><\/h6>\n                <h2 class=\"section-title\">CODEC-OUAGA<\/h2>\n            <\/div>\n\n[vc_column_text css=\u00a0\u00bb.vc_custom_1763115962389{margin-bottom: 30px !important;}\u00a0\u00bb]<\/p>\n<div style=\"font-size: 18px; line-height: 1.7; color: #000; text-align: justify;\">\n<p>La <strong>Coop\u00e9rative Dioc\u00e9saine d\u2019\u00c9pargne et de Cr\u00e9dit de Ouagadougou (CODEC-Ouaga)<\/strong> a \u00e9t\u00e9 fond\u00e9e en r\u00e9ponse \u00e0 l\u2019appel des \u00e9v\u00eaques du Burkina Faso du 28 f\u00e9vrier 1998, qui soulignait la n\u00e9cessit\u00e9 pour l&rsquo;\u00c9glise-Famille de devenir plus autonome financi\u00e8rement. Sous l&rsquo;impulsion de Monseigneur Jean-Marie Untaani Compaor\u00e9 et avec le soutien de l&rsquo;Alliance Catholique des Hommes d&rsquo;Affaires du Burkina (ACATHA-B), du MAJEC, et d&rsquo;experts du secteur bancaire, cette institution de microfinance a \u00e9t\u00e9 officiellement cr\u00e9\u00e9e le 17 d\u00e9cembre 2007, sous le num\u00e9ro <strong>A13 070 368\/MEF\/SG\/ DGTCP\/DMF<\/strong>.Notre mission est de renforcer les capacit\u00e9s \u00e9conomiques de nos membres en leur offrant une gamme compl\u00e8te de produits et services financiers et non financiers, con\u00e7us pour r\u00e9pondre \u00e0 leurs besoins de mani\u00e8re durable. Nous nous engageons \u00e0 promouvoir l&rsquo;\u00e9pargne et le cr\u00e9dit au sein de la communaut\u00e9 du Dioc\u00e8se de Ouagadougou, dans un esprit mutualiste. En rejoignant notre coop\u00e9rative, vous contribuez non seulement \u00e0 votre propre d\u00e9veloppement financier, mais aussi \u00e0 celui de toute la communaut\u00e9.<\/p>\n<\/div>\n<p>[\/vc_column_text][vc_single_image image=\u00a0\u00bb2137&Prime; img_size=\u00a0\u00bb600&#215;300&Prime; alignment=\u00a0\u00bbcenter\u00a0\u00bb css=\u00a0\u00bb\u00a0\u00bb]\n    <div class=\"section-head \">\n                <h2 class=\"section-title\">Les cibles<\/h2>\n            <\/div>\n\n[vc_column_text css=\u00a0\u00bb\u00a0\u00bb]<\/p>\n<div style=\"font-size: 18px; line-height: 1.7; color: #000; text-align: justify;\">\n<ul>\n<li>Les personnes physiques (Hommes, Femmes)<\/li>\n<li>Les personnes morales (Entreprises, Coop\u00e9ratives, Associations, PME et PMI)<\/li>\n<\/ul>\n<p><strong>NB\u00a0: <\/strong>sans distinction de religion, de genre, de race, d\u2019ethnie ou de statut social. Qui se serait acquitt\u00e9e d\u2019au moins une part sociale et du droit d\u2019adh\u00e9sion<\/p>\n<\/div>\n<p>[\/vc_column_text][\/vc_column][\/vc_row]<\/p>\n<\/div>","protected":false},"excerpt":{"rendered":"<p>[vc_row el_class=\u00a0\u00bbsection-padd\u00a0\u00bb][vc_column][vc_column_text css=\u00a0\u00bb.vc_custom_1763115962389{margin-bottom: 30px !important;}\u00a0\u00bb] La Coop\u00e9rative Dioc\u00e9saine d\u2019\u00c9pargne et de Cr\u00e9dit de Ouagadougou (CODEC-Ouaga) a \u00e9t\u00e9 fond\u00e9e en r\u00e9ponse \u00e0 l\u2019appel des \u00e9v\u00eaques du Burkina Faso du 28 f\u00e9vrier 1998, qui soulignait la n\u00e9cessit\u00e9 pour l&rsquo;\u00c9glise-Famille de devenir plus autonome financi\u00e8rement. Sous l&rsquo;impulsion de Monseigneur Jean-Marie Untaani Compaor\u00e9 et avec le soutien de l&rsquo;Alliance [&hellip;]<\/p>\n","protected":false},"author":1,"featured_media":0,"parent":0,"menu_order":0,"comment_status":"closed","ping_status":"closed","template":"","meta":{"footnotes":""},"class_list":["post-1026","page","type-page","status-publish","hentry"],"_links":{"self":[{"href":"https:\/\/codec-ouaga.com\/index.php\/wp-json\/wp\/v2\/pages\/1026","targetHints":{"allow":["GET"]}}],"collection":[{"href":"https:\/\/codec-ouaga.com\/index.php\/wp-json\/wp\/v2\/pages"}],"about":[{"href":"https:\/\/codec-ouaga.com\/index.php\/wp-json\/wp\/v2\/types\/page"}],"author":[{"embeddable":true,"href":"https:\/\/codec-ouaga.com\/index.php\/wp-json\/wp\/v2\/users\/1"}],"replies":[{"embeddable":true,"href":"https:\/\/codec-ouaga.com\/index.php\/wp-json\/wp\/v2\/comments?post=1026"}],"version-history":[{"count":0,"href":"https:\/\/codec-ouaga.com\/index.php\/wp-json\/wp\/v2\/pages\/1026\/revisions"}],"wp:attachment":[{"href":"https:\/\/codec-ouaga.com\/index.php\/wp-json\/wp\/v2\/media?parent=1026"}],"curies":[{"name":"wp","href":"https:\/\/api.w.org\/{rel}","templated":true}]}}